


{"id":11,"date":"2025-04-08T00:40:33","date_gmt":"2025-04-08T00:40:33","guid":{"rendered":"https:\/\/magabit.net\/?page_id=11"},"modified":"2025-04-08T01:44:18","modified_gmt":"2025-04-08T01:44:18","slug":"refund-billing-policy","status":"publish","type":"page","link":"https:\/\/magabit.net\/es\/refund-billing-policy\/","title":{"rendered":"Pol\u00edtica de reembolso y facturaci\u00f3n"},"content":{"rendered":"<div data-elementor-type=\"wp-page\" data-elementor-id=\"11\" class=\"elementor elementor-11\" data-elementor-post-type=\"page\">\n\t\t\t\t<div class=\"elementor-element elementor-element-3aaf7a15 e-flex e-con-boxed e-con e-parent\" data-id=\"3aaf7a15\" data-element_type=\"container\">\n\t\t\t\t\t<div class=\"e-con-inner\">\n\t\t\t\t<div class=\"elementor-element elementor-element-134fa730 elementor-widget elementor-widget-text-editor\" data-id=\"134fa730\" data-element_type=\"widget\" data-widget_type=\"text-editor.default\">\n\t\t\t\t<div class=\"elementor-widget-container\">\n\t\t\t\t\t\t\t\t\t<p class=\"p1\"><b>Fecha de entrada en vigor:<\/b><span class=\"s1\">\u00a02 de abril de 2024<\/span><\/p>\n<p class=\"p2\"><span class=\"s2\"><b>\u00daltima actualizaci\u00f3n:<\/b><\/span>\u00a02 de abril de 2024<\/p>\n<p class=\"p3\"><b>MAGAbit es una plataforma digital de servicios <\/b>que proporciona acceso a recompensas de miner\u00eda de Bitcoin, materiales educativos y estructuras de bonificaci\u00f3n basadas en el rendimiento. Nuestros productos no son f\u00edsicos, est\u00e1n basados en el acceso y se entregan al instante tras el pago.\u00a0<span style=\"text-align: var(--text-align); background-color: var( --e-global-color-primary ); color: var( --e-global-color-text ); font-family: var( --e-global-typography-text-font-family ), Sans-serif; font-size: var( --e-global-typography-text-font-size ); font-weight: var( --e-global-typography-text-font-weight ); text-transform: var( --e-global-typography-text-text-transform );\">A continuaci\u00f3n se describen nuestras pol\u00edticas de reembolso y facturaci\u00f3n, dise\u00f1adas para proporcionar claridad y cumplimiento de las normas de procesamiento de pagos.<\/span><\/p>\n<hr \/>\n<h4><b><br \/>1. Sin productos de inversi\u00f3n ni garant\u00edas<\/b><\/h4>\n<p class=\"p3\">MAGAbit no ofrece productos financieros, oportunidades de inversi\u00f3n ni garant\u00edas de ganancias. Las ganancias se basan en la participaci\u00f3n y el rendimiento dentro de nuestro sistema de recompensas y no est\u00e1n garantizadas.<br \/><br \/><\/p>\n<hr \/>\n<h4><b><br \/>2. Cuota de inscripci\u00f3n<\/b><\/h4>\n<ul>\n<li>\n<p class=\"p1\"><span class=\"s1\"><b>Tasa:<\/b><\/span> $399 (una sola vez)<\/p>\n<\/li>\n<li>\n<p class=\"p1\"><span class=\"s1\"><b>Pol\u00edtica de reembolso:<\/b><\/span> No reembolsable una vez concedido el acceso a la plataforma.<\/p>\n<\/li>\n<li>\n<p class=\"p1\"><span class=\"s1\"><b>Entrega:<\/b><\/span> El acceso digital se proporciona inmediatamente despu\u00e9s del pago.<br \/><br \/><\/p>\n<\/li>\n<\/ul>\n<hr \/>\n<h4><b><br \/>3. Cuota mensual de afiliaci\u00f3n<\/b><\/h4>\n<ul>\n<li>\n<p class=\"p1\"><span class=\"s1\"><b>Tasa:<\/b><\/span> $47\/mes<\/p>\n<\/li>\n<li>\n<p class=\"p1\"><span class=\"s1\"><b>Pol\u00edtica de reembolso:<\/b><\/span> No reembolsable una vez iniciado el ciclo de facturaci\u00f3n.<\/p>\n<\/li>\n<li>\n<p class=\"p1\"><span class=\"s1\"><b>Cancelaci\u00f3n:<\/b><\/span> Los afiliados pueden cancelar la facturaci\u00f3n futura en cualquier momento a trav\u00e9s de su panel de control. Sin contratos a largo plazo.<br \/><br \/><\/p>\n<\/li>\n<\/ul>\n<hr \/>\n<h4><b><br \/>4. Producto Patriot<\/b><\/h4>\n<ul>\n<li>\n<p class=\"p1\"><span class=\"s1\"><b>Tasa:<\/b><\/span> $1.000 (opcional)<\/p>\n<\/li>\n<li>\n<p class=\"p1\"><span class=\"s1\"><b>Pol\u00edtica de reembolso:<\/b><\/span> No reembolsable. Los beneficios inmediatos incluyen la asignaci\u00f3n de participaciones en el fondo de bonificaciones mensuales.<\/p>\n<\/li>\n<li>\n<p class=\"p1\"><span class=\"s1\"><b>Nota:<\/b><\/span> No se trata de una inversi\u00f3n ni de un activo: las recompensas se basan en la participaci\u00f3n general en el programa.<br \/><br \/><\/p>\n<\/li>\n<\/ul>\n<hr \/>\n<h4><b><br \/>5. Disputas y devoluciones<\/b><\/h4>\n<p class=\"p3\">Si cree que se le ha facturado por error, p\u00f3ngase primero en contacto con el servicio de asistencia de MAGAbit.\u00a0<\/p>\n<p class=\"p3\">Iniciar una devoluci\u00f3n de cargo puede dar lugar a la suspensi\u00f3n de la cuenta y a la p\u00e9rdida de las recompensas.\u00a0<\/p>\n<p class=\"p3\">Nos esforzamos por resolver todos los problemas de facturaci\u00f3n de forma r\u00e1pida y justa.<\/p>\n<hr \/>\n<h4><b><br \/>6. Gesti\u00f3n de excepciones<\/b><\/h4>\n<p class=\"p3\">Podr\u00e1n concederse reembolsos en casos excepcionales:<\/p>\n<ul>\n<li>\n<p class=\"p1\">Transacciones duplicadas<\/p>\n<\/li>\n<li>\n<p class=\"p1\">Errores t\u00e9cnicos verificados<\/p>\n<\/li>\n<\/ul>\n<p class=\"p3\">Las solicitudes deben presentarse en el plazo de <span class=\"s3\"><b>7 d\u00edas<\/b><\/span> de la transacci\u00f3n.<\/p>\n<hr \/>\n<h4><b><br \/>7. Reconocimiento del usuario<\/b><\/h4>\n<p class=\"p3\">Todos los usuarios deben aceptar esta pol\u00edtica de reembolso en el momento de la compra marcando una casilla obligatoria antes de enviar el pago. Esto sirve como reconocimiento legal de nuestros t\u00e9rminos y apoya el cumplimiento con los procesadores de pago.<\/p>\n<hr \/>\n<p class=\"p1\"><b><br \/>\u00bfNecesita ayuda?<\/b><\/p>\n<p class=\"p3\">Contacto: SUPPORT@mAGAbit.uS<\/p>\n<p><!-- \/wp:paragraph --><\/p>\t\t\t\t\t\t\t\t<\/div>\n\t\t\t\t<\/div>\n\t\t\t\t\t<\/div>\n\t\t\t\t<\/div>\n\t\t\t\t<\/div>","protected":false},"excerpt":{"rendered":"<p>Fecha de entrada en vigor: 2 de abril de 2024 \u00daltima actualizaci\u00f3n: April 2nd, 2024 MAGAbit es una plataforma de servicios digitales que proporciona acceso a recompensas de miner\u00eda Bitcoin, materiales educativos y estructuras de bonificaci\u00f3n basadas en el rendimiento. Nuestros productos no son f\u00edsicos, est\u00e1n basados en el acceso y se entregan instant\u00e1neamente tras el pago. A continuaci\u00f3n se describen nuestras pol\u00edticas de reembolso y facturaci\u00f3n, dise\u00f1adas para proporcionar claridad y cumplimiento con las normas de procesamiento de pagos. 1. [...]<\/p>","protected":false},"author":1,"featured_media":0,"parent":0,"menu_order":0,"comment_status":"closed","ping_status":"closed","template":"","meta":{"_acf_changed":false,"footnotes":""},"class_list":["post-11","page","type-page","status-publish","hentry"],"acf":[],"_links":{"self":[{"href":"https:\/\/magabit.net\/es\/wp-json\/wp\/v2\/pages\/11","targetHints":{"allow":["GET"]}}],"collection":[{"href":"https:\/\/magabit.net\/es\/wp-json\/wp\/v2\/pages"}],"about":[{"href":"https:\/\/magabit.net\/es\/wp-json\/wp\/v2\/types\/page"}],"author":[{"embeddable":true,"href":"https:\/\/magabit.net\/es\/wp-json\/wp\/v2\/users\/1"}],"replies":[{"embeddable":true,"href":"https:\/\/magabit.net\/es\/wp-json\/wp\/v2\/comments?post=11"}],"version-history":[{"count":0,"href":"https:\/\/magabit.net\/es\/wp-json\/wp\/v2\/pages\/11\/revisions"}],"wp:attachment":[{"href":"https:\/\/magabit.net\/es\/wp-json\/wp\/v2\/media?parent=11"}],"curies":[{"name":"wp","href":"https:\/\/api.w.org\/{rel}","templated":true}]}}