


{"id":1119,"date":"2025-05-16T23:09:51","date_gmt":"2025-05-16T23:09:51","guid":{"rendered":"https:\/\/magabit.net\/?page_id=1119"},"modified":"2025-05-16T23:52:46","modified_gmt":"2025-05-16T23:52:46","slug":"patriot-pool-terms-conditions","status":"publish","type":"page","link":"https:\/\/magabit.net\/es\/patriot-pool-terms-conditions\/","title":{"rendered":"Condiciones generales de Patriot Pool"},"content":{"rendered":"<div data-elementor-type=\"wp-page\" data-elementor-id=\"1119\" class=\"elementor elementor-1119\" data-elementor-post-type=\"page\">\n\t\t\t\t<div class=\"elementor-element elementor-element-3aaf7a15 e-flex e-con-boxed e-con e-parent\" data-id=\"3aaf7a15\" data-element_type=\"container\">\n\t\t\t\t\t<div class=\"e-con-inner\">\n\t\t\t\t<div class=\"elementor-element elementor-element-134fa730 elementor-widget elementor-widget-text-editor\" data-id=\"134fa730\" data-element_type=\"widget\" data-widget_type=\"text-editor.default\">\n\t\t\t\t<div class=\"elementor-widget-container\">\n\t\t\t\t\t\t\t\t\t<p class=\"p1\"><b>Fecha de entrada en vigor:<\/b><span class=\"s1\"> 2 de abril de 2025<\/span><\/p>\n<p class=\"p2\"><span class=\"s2\"><b>\u00daltima actualizaci\u00f3n:<\/b><\/span>&nbsp;16 de mayo de 2025<\/p>\n<p>Estos T\u00e9rminos y Condiciones del Fondo Patriot (\"T\u00e9rminos Patriot\") rigen su participaci\u00f3n en el Fondo de Bonificaci\u00f3n por Lealtad Patriot (el \"Fondo\"), un componente de recompensa opcional de la plataforma MAGAbit. Al comprar el Producto Patriot o aceptar participaciones en el Pool, acepta quedar vinculado por estos t\u00e9rminos adem\u00e1s de los T\u00e9rminos y Condiciones generales de MAGAbit.<\/p>\n<hr>\n<h4><b><br><\/b><strong>1.Naturaleza de la piscina<\/strong><\/h4>\n<p>El Patriot Loyalty Bonus Pool es un programa de incentivos no basado en inversiones y en el rendimiento. Est\u00e1 dise\u00f1ado para recompensar a los participantes de MAGAbit que cumplan los requisitos en funci\u00f3n de su actividad y compromiso. El Fondo no es un producto financiero, un veh\u00edculo de inversi\u00f3n ni un mecanismo de reparto de ingresos.<\/p>\n<hr>\n<h4><b><br>2. Elegibilidad<\/b><\/h4>\n<p><span style=\"font-weight: 400;\">Para participar en el Pool:<\/span><\/p>\n<ul>\n<li style=\"font-weight: 400;\" aria-level=\"1\"><span style=\"font-weight: 400;\"><span style=\"font-weight: 400;\">Debe ser un miembro activo de MAGAbit en regla.<\/span><\/span>\n<p><\/p>\n<\/li>\n<li style=\"font-weight: 400;\" aria-level=\"1\"><span style=\"font-weight: 400;\">Debe adquirir un <\/span><b>Producto Patriot<\/b><span style=\"font-weight: 400;\"><span style=\"font-weight: 400;\"> al tipo de cambio actual (por ejemplo, $1.000 USD).<\/span><\/span>\n<p><\/p>\n<\/li>\n<li style=\"font-weight: 400;\" aria-level=\"1\"><span style=\"font-weight: 400;\">Cada producto Patriot garantiza <\/span><b>2 acciones<\/b><span style=\"font-weight: 400;\"><span style=\"font-weight: 400;\"> en el fondo de bonificaci\u00f3n mensual.<\/span><\/span>\n<p><\/p>\n<\/li>\n<li style=\"font-weight: 400;\" aria-level=\"1\"><span style=\"font-weight: 400;\">Usted gana <\/span><b>1 acci\u00f3n adicional<\/b><span style=\"font-weight: 400;\"> por cada referido directo que tambi\u00e9n compre un Producto Patriot y permanezca activo.<\/span><\/li>\n<\/ul>\n<p>Hay <b style=\"font-family: -apple-system, BlinkMacSystemFont, 'Segoe UI', Roboto, 'Helvetica Neue', Arial, 'Noto Sans', sans-serif, 'Apple Color Emoji', 'Segoe UI Emoji', 'Segoe UI Symbol', 'Noto Color Emoji';\">sin tapa<\/b><span style=\"font-weight: 400;\"> en el n\u00famero de Productos Patriot que puede comprar. Cada producto elegible contribuye a su recuento de participaciones en el fondo com\u00fan para ese mes.<\/span><\/p>\n<hr>\n<h4><b><br>3. Financiaci\u00f3n y distribuci\u00f3n del fondo com\u00fan<\/b><\/h4>\n<p><span style=\"font-weight: 400;\">El Patriot Pool se financia con las reservas operativas de MAGAbit, que pueden incluir:<\/span><\/p>\n<ul>\n<li style=\"font-weight: 400;\" aria-level=\"1\"><span style=\"font-weight: 400;\"><span style=\"font-weight: 400;\">Bonificaciones promocionales no asignadas o caducadas<\/span><\/span>\n<p><\/p>\n<\/li>\n<li style=\"font-weight: 400;\" aria-level=\"1\"><span style=\"font-weight: 400;\"><span style=\"font-weight: 400;\">Fondos de reserva de comercializaci\u00f3n<\/span><\/span>\n<p><\/p>\n<\/li>\n<li style=\"font-weight: 400;\" aria-level=\"1\"><span style=\"font-weight: 400;\"><span style=\"font-weight: 400;\">Exceso de cr\u00e9ditos de la plataforma<\/span><\/span>\n<p><\/p>\n<\/li>\n<li style=\"font-weight: 400;\" aria-level=\"1\"><span style=\"font-weight: 400;\">Otros excedentes de explotaci\u00f3n no asignados<\/span><\/li>\n<\/ul>\n<p>Al final de cada mes natural, el fondo total se divide por el n\u00famero total de acciones elegibles, y las recompensas se distribuyen en consecuencia. Todos los pagos se realizan en Bitcoin o fiat, a discreci\u00f3n de MAGAbit y a trav\u00e9s del m\u00e9todo de pago registrado.<\/p>\n<p><span style=\"font-weight: 400;\">MAGAbit <\/span><b>no garantiza<\/b><span style=\"font-weight: 400;\"> el tama\u00f1o, la consistencia o la existencia del fondo com\u00fan en un mes determinado.<\/span><\/p>\n<hr>\n<h4><b><br>4. Informaci\u00f3n no relativa a inversiones<\/b><\/h4>\n<p>La participaci\u00f3n en el Patriot Pool no da derecho a participar en el capital, la propiedad o los beneficios de MAGAbit o sus filiales. El Pool no es una cuenta remunerada, un valor o un rendimiento financiero.<\/p>\n<p>Todas las aportaciones y compras son definitivas y representan el acceso a los privilegios de la plataforma, no inversiones de capital ni dep\u00f3sitos.<\/p>\n<hr>\n<h4><b><br>5. Sin garant\u00edas<\/b><\/h4>\n<p>La cantidad y la disponibilidad de cualquier distribuci\u00f3n mensual de bonos son enteramente a discreci\u00f3n de MAGAbit. MAGAbit se reserva el derecho de ajustar, suspender o terminar el programa Pool en cualquier momento, con o sin previo aviso.<\/p>\n<ul>\n<li style=\"list-style-type: none;\">&nbsp;<\/li>\n<\/ul>\n<hr>\n<h4><b><br>6. Inhabilitaci\u00f3n y confiscaci\u00f3n<\/b><\/h4>\n<p><span style=\"font-weight: 400;\">MAGAbit se reserva el derecho de revocar la elegibilidad del pool y las participaciones si un participante:<\/span><\/p>\n<ul>\n<li style=\"font-weight: 400;\" aria-level=\"1\"><span style=\"font-weight: 400;\"><span style=\"font-weight: 400;\">No mantiene una afiliaci\u00f3n activa<\/span><\/span>\n<p><\/p>\n<\/li>\n<li style=\"font-weight: 400;\" aria-level=\"1\"><span style=\"font-weight: 400;\"><span style=\"font-weight: 400;\">Participa en devoluciones de cargo, fraude o abuso del sistema.<\/span><\/span>\n<p><\/p>\n<\/li>\n<li style=\"font-weight: 400;\" aria-level=\"1\"><span style=\"font-weight: 400;\"><span style=\"font-weight: 400;\">Viola las Condiciones Generales o el Plan de Compensaci\u00f3n de MAGAbit<\/span><\/span>\n<p><\/p>\n<\/li>\n<li style=\"font-weight: 400;\" aria-level=\"1\"><span style=\"font-weight: 400;\">tergiversa la naturaleza de la piscina ante los dem\u00e1s<\/span><\/li>\n<\/ul>\n<p>Las acciones perdidas se eliminan del recuento de acciones del mes correspondiente.<\/p>\n<hr>\n<h4><b><br>7. Impuestos<\/b><\/h4>\n<p>Cualquier bonificaci\u00f3n o distribuci\u00f3n recibida del Fondo puede estar sujeta a obligaciones fiscales. Usted es el \u00fanico responsable de cumplir con las leyes fiscales de su jurisdicci\u00f3n.<\/p>\n<hr>\n<h4><b><br>8. Modificaciones<\/b><\/h4>\n<p><span style=\"font-weight: 400;\">MAGAbit puede modificar estas Condiciones Patrias en cualquier momento. Todos los cambios se publicar\u00e1n en l\u00ednea y entrar\u00e1n en vigor inmediatamente despu\u00e9s de su publicaci\u00f3n. La participaci\u00f3n continua implica la aceptaci\u00f3n de los t\u00e9rminos actualizados.<\/span><\/p>\n<hr>\n<h4><b>9. Contacto<\/b><\/h4>\n<p>Las preguntas sobre el fondo de bonificaci\u00f3n por fidelidad Patriot pueden dirigirse a:<\/p>\n<p>SUPPORT@MAGAbit.US<\/p>\n<p><!-- \/wp:paragraph --><\/p>\t\t\t\t\t\t\t\t<\/div>\n\t\t\t\t<\/div>\n\t\t\t\t\t<\/div>\n\t\t\t\t<\/div>\n\t\t\t\t<\/div>","protected":false},"excerpt":{"rendered":"<p>Fecha de entrada en vigor: 2 de abril de 2025 \u00daltima actualizaci\u00f3n: 16 de mayo de 2025 Estos T\u00e9rminos y Condiciones del Patriot Pool (\"T\u00e9rminos Patriot\") rigen su participaci\u00f3n en el Patriot Loyalty Bonus Pool (el \"Pool\"), un componente de recompensa opcional de la plataforma MAGAbit. Al comprar el Producto Patriot o aceptar participaciones en el Pool, acepta quedar vinculado por estos t\u00e9rminos [...]<\/p>","protected":false},"author":1,"featured_media":0,"parent":0,"menu_order":0,"comment_status":"closed","ping_status":"closed","template":"","meta":{"_acf_changed":false,"footnotes":""},"class_list":["post-1119","page","type-page","status-publish","hentry"],"acf":[],"_links":{"self":[{"href":"https:\/\/magabit.net\/es\/wp-json\/wp\/v2\/pages\/1119","targetHints":{"allow":["GET"]}}],"collection":[{"href":"https:\/\/magabit.net\/es\/wp-json\/wp\/v2\/pages"}],"about":[{"href":"https:\/\/magabit.net\/es\/wp-json\/wp\/v2\/types\/page"}],"author":[{"embeddable":true,"href":"https:\/\/magabit.net\/es\/wp-json\/wp\/v2\/users\/1"}],"replies":[{"embeddable":true,"href":"https:\/\/magabit.net\/es\/wp-json\/wp\/v2\/comments?post=1119"}],"version-history":[{"count":0,"href":"https:\/\/magabit.net\/es\/wp-json\/wp\/v2\/pages\/1119\/revisions"}],"wp:attachment":[{"href":"https:\/\/magabit.net\/es\/wp-json\/wp\/v2\/media?parent=1119"}],"curies":[{"name":"wp","href":"https:\/\/api.w.org\/{rel}","templated":true}]}}