


{"id":1132,"date":"2025-05-16T23:27:16","date_gmt":"2025-05-16T23:27:16","guid":{"rendered":"https:\/\/magabit.net\/?page_id=1132"},"modified":"2025-05-16T23:34:35","modified_gmt":"2025-05-16T23:34:35","slug":"promoter-compliance-guide","status":"publish","type":"page","link":"https:\/\/magabit.net\/es\/promoter-compliance-guide\/","title":{"rendered":"Gu\u00eda de cumplimiento para promotores"},"content":{"rendered":"<div data-elementor-type=\"wp-page\" data-elementor-id=\"1132\" class=\"elementor elementor-1132\" data-elementor-post-type=\"page\">\n\t\t\t\t<div class=\"elementor-element elementor-element-3aaf7a15 e-flex e-con-boxed e-con e-parent\" data-id=\"3aaf7a15\" data-element_type=\"container\">\n\t\t\t\t\t<div class=\"e-con-inner\">\n\t\t\t\t<div class=\"elementor-element elementor-element-134fa730 elementor-widget elementor-widget-text-editor\" data-id=\"134fa730\" data-element_type=\"widget\" data-widget_type=\"text-editor.default\">\n\t\t\t\t<div class=\"elementor-widget-container\">\n\t\t\t\t\t\t\t\t\t<h4><strong>Finalidad de esta Gu\u00eda<\/strong><\/h4><p>Para afiliados, recomendadores y propietarios independientes de Bitcoins<\/p><p class=\"p1\"><b>Fecha de entrada en vigor:<\/b><span class=\"s1\"> 2 de abril de 2025<\/span><\/p><p class=\"p2\"><span class=\"s2\"><b>\u00daltima actualizaci\u00f3n:<\/b><\/span>\u00a016 de mayo de 2025<\/p><p><span style=\"font-weight: 400;\">Esta gu\u00eda est\u00e1 dise\u00f1ada para ayudar a los afiliados y promotores de MAGAbit a comunicarse de forma clara, legal y responsable cuando hablen de la plataforma MAGAbit. La adhesi\u00f3n a estas directrices protege tanto a MAGAbit como a usted de riesgos legales, afirmaciones publicitarias enga\u00f1osas o violaciones de las regulaciones federales y estatales.<\/span><\/p><p><b>IMPORTANTE:<\/b><span style=\"font-weight: 400;\"> Las infracciones de esta gu\u00eda pueden dar lugar a la suspensi\u00f3n o cancelaci\u00f3n de su cuenta MAGAbit y a la p\u00e9rdida de las recompensas.<\/span><\/p><hr \/><h4><b><br \/><\/b><strong>1. NO RECLAMAR INGRESOS<\/strong><\/h4><ul><li style=\"font-weight: 400;\" aria-level=\"1\"><b>Evita afirmaciones como:<\/b><ul><li style=\"font-weight: 400;\" aria-level=\"2\"><span style=\"font-weight: 400;\">\"Gana $1,000 a la semana con MAGAbit\"<br \/><br \/><\/span><\/li><li style=\"font-weight: 400;\" aria-level=\"2\"><span style=\"font-weight: 400;\">\"Ingresos pasivos garantizados\"<br \/><br \/><\/span><\/li><li style=\"font-weight: 400;\" aria-level=\"2\"><span style=\"font-weight: 400;\">\"Duplique su BTC mensual\"<br \/><br \/><\/span><\/li><li style=\"font-weight: 400;\" aria-level=\"2\"><span style=\"font-weight: 400;\">\"Este es tu billete hacia la libertad financiera\"<br \/><br \/><\/span><\/li><\/ul><\/li><li style=\"font-weight: 400;\" aria-level=\"1\"><b>En su lugar, di:<\/b><ul><li style=\"font-weight: 400;\" aria-level=\"2\"><span style=\"font-weight: 400;\">\"Las recompensas se basan en la actividad personal y de equipo\"<br \/><br \/><\/span><\/li><li style=\"font-weight: 400;\" aria-level=\"2\"><span style=\"font-weight: 400;\">\"Sus resultados pueden variar en funci\u00f3n de su esfuerzo\"<br \/><br \/><\/span><\/li><li style=\"font-weight: 400;\" aria-level=\"2\"><span style=\"font-weight: 400;\">\"Se trata de un modelo de participaci\u00f3n basado en el rendimiento\".<\/span><\/li><\/ul><\/li><\/ul><p><strong><br \/>Nota:<\/strong> Incluso si una afirmaci\u00f3n es cierta para usted, no se puede utilizar en promociones a menos que MAGAbit lo apruebe por escrito.<\/p><hr \/><h4><b><br \/>2. NO llame a MAGAbit inversi\u00f3n<\/b><\/h4><ul><li style=\"font-weight: 400;\" aria-level=\"1\"><span style=\"font-weight: 400;\">MAGAbit es <\/span><b>no<\/b><span style=\"font-weight: 400;\"> una plataforma de inversi\u00f3n, un fondo de cobertura o un servicio de negociaci\u00f3n.<br \/><br \/><\/span><\/li><li style=\"font-weight: 400;\" aria-level=\"1\"><span style=\"font-weight: 400;\">Nunca lo describa como un lugar para \"invertir\" o \"beneficiarse de los rendimientos mineros\".<\/span><\/li><\/ul><p><span style=\"font-weight: 400;\"><br \/>Siempre describir MAGAbit como un <b style=\"font-family: -apple-system, BlinkMacSystemFont, 'Segoe UI', Roboto, 'Helvetica Neue', Arial, 'Noto Sans', sans-serif, 'Apple Color Emoji', 'Segoe UI Emoji', 'Segoe UI Symbol', 'Noto Color Emoji';\">sistema de recompensas basado en el rendimiento y conectado a la infraestructura minera estadounidense.<\/b><\/span><\/p><hr \/><h4><b><br \/>3. NO mencione a Trump ni ning\u00fan apoyo pol\u00edtico<\/b><\/h4><ul><li style=\"font-weight: 400;\" aria-level=\"1\"><span style=\"font-weight: 400;\">MAGAbit es <\/span><b>no aprobado<\/b><span style=\"font-weight: 400;\"> por Donald J. Trump, su campa\u00f1a o cualquier organizaci\u00f3n pol\u00edtica.<br \/><br \/><\/span><\/li><li style=\"font-weight: 400;\" aria-level=\"1\"><span style=\"font-weight: 400;\">Evita utilizar declaraciones pol\u00edticas o que impliquen afiliaci\u00f3n a campa\u00f1as relacionadas con MAGA.<\/span><\/li><\/ul><p><br \/>Las referencias a marcas son s\u00f3lo tem\u00e1ticas y deben utilizarse con respeto y sin implicar aprobaci\u00f3n.<\/p><hr \/><h4><b><br \/>4. Utilice siempre t\u00e9rminos aprobados<\/b><\/h4><ul><li style=\"font-weight: 400;\" aria-level=\"1\"><span style=\"font-weight: 400;\">Uso: \"Fondo de bonificaci\u00f3n por fidelidad patriota\" (<\/span><span style=\"font-weight: 400;\">\u2705<\/span><span style=\"font-weight: 400;\">)<\/span><\/li><li style=\"font-weight: 400;\" aria-level=\"1\"><span style=\"font-weight: 400;\">Evitar: \"Reparto de ingresos\" o \"Reparto de beneficios\" (<\/span><span style=\"font-weight: 400;\">\u274c<\/span><span style=\"font-weight: 400;\">)<br \/><br \/><\/span><\/li><li style=\"font-weight: 400;\" aria-level=\"1\"><span style=\"font-weight: 400;\">Utilizaci\u00f3n: \"Recompensas basadas en la actividad\" (<\/span><span style=\"font-weight: 400;\">\u2705<\/span><\/li><li style=\"font-weight: 400;\" aria-level=\"1\">Evitar: \"Ingresos garantizados\" o \"Retorno de la inversi\u00f3n\" (<span style=\"font-weight: 400;\">\u274c<\/span><span style=\"font-weight: 400;\">)<br \/><br \/><\/span><\/li><\/ul><hr \/><h4><b><br \/>5. Respetar las normas de la plataforma<\/b><\/h4><ul><li style=\"font-weight: 400;\" aria-level=\"1\"><span style=\"font-weight: 400;\">No modifique ni tergiverse el Plan de Compensaci\u00f3n.<br \/><br \/><\/span><\/li><li style=\"font-weight: 400;\" aria-level=\"1\"><span style=\"font-weight: 400;\">No ofrezca incentivos fuera de la estructura oficial de MAGAbit.<br \/><br \/><\/span><\/li><li style=\"font-weight: 400;\" aria-level=\"1\"><span style=\"font-weight: 400;\">No registre dominios o p\u00e1ginas sociales con \"MAGAbit\" o \"MAGA\" sin aprobaci\u00f3n por escrito.<\/span><\/li><\/ul><ul><li style=\"list-style-type: none;\">\u00a0<\/li><\/ul><hr \/><h4><b><br \/>6. Cl\u00e1usulas de exenci\u00f3n de responsabilidad exigidas en las promociones<\/b><\/h4><p>Todas las publicaciones en redes sociales, p\u00e1ginas de destino y presentaciones deben incluir la siguiente cl\u00e1usula de exenci\u00f3n de responsabilidad:<\/p><p>\"MAGAbit\" es una plataforma basada en el rendimiento. Los resultados var\u00edan y no est\u00e1n garantizados. MAGAbit no es una inversi\u00f3n ni un servicio financiero. Todas las recompensas se basan en la participaci\u00f3n individual y el cumplimiento de los T\u00e9rminos de MAGAbit.\"<\/p><hr \/><h4><b><br \/>7. \u00bfPreguntas? \u00bfNecesita aclaraciones?<\/b><\/h4><p><span style=\"font-weight: 400;\">Si no est\u00e1 seguro de si un mensaje o anuncio es conforme, pregunte siempre antes de publicarlo.<\/span><\/p><p><strong>Contacto:<\/strong> compliance@MAGAbit.us<\/p><p><!-- \/wp:paragraph --><\/p>\t\t\t\t\t\t\t\t<\/div>\n\t\t\t\t<\/div>\n\t\t\t\t\t<\/div>\n\t\t\t\t<\/div>\n\t\t\t\t<\/div>","protected":false},"excerpt":{"rendered":"<p>Prop\u00f3sito de esta Gu\u00eda Para Afiliados, Referenciadores y Propietarios Independientes de Bitcoins Fecha Efectiva: 2 de abril de 2025 \u00daltima actualizaci\u00f3n: 16 de mayo de 2025 Esta gu\u00eda est\u00e1 dise\u00f1ada para ayudar a los afiliados y promotores de MAGAbit a comunicarse de forma clara, legal y responsable cuando hablen de la plataforma MAGAbit. Adherirse a estas directrices protege tanto a MAGAbit como a usted de riesgos legales, afirmaciones publicitarias enga\u00f1osas, [...]<\/p>","protected":false},"author":1,"featured_media":0,"parent":0,"menu_order":0,"comment_status":"closed","ping_status":"closed","template":"","meta":{"_acf_changed":false,"footnotes":""},"class_list":["post-1132","page","type-page","status-publish","hentry"],"acf":[],"_links":{"self":[{"href":"https:\/\/magabit.net\/es\/wp-json\/wp\/v2\/pages\/1132","targetHints":{"allow":["GET"]}}],"collection":[{"href":"https:\/\/magabit.net\/es\/wp-json\/wp\/v2\/pages"}],"about":[{"href":"https:\/\/magabit.net\/es\/wp-json\/wp\/v2\/types\/page"}],"author":[{"embeddable":true,"href":"https:\/\/magabit.net\/es\/wp-json\/wp\/v2\/users\/1"}],"replies":[{"embeddable":true,"href":"https:\/\/magabit.net\/es\/wp-json\/wp\/v2\/comments?post=1132"}],"version-history":[{"count":0,"href":"https:\/\/magabit.net\/es\/wp-json\/wp\/v2\/pages\/1132\/revisions"}],"wp:attachment":[{"href":"https:\/\/magabit.net\/es\/wp-json\/wp\/v2\/media?parent=1132"}],"curies":[{"name":"wp","href":"https:\/\/api.w.org\/{rel}","templated":true}]}}