


{"id":1140,"date":"2025-05-16T23:41:45","date_gmt":"2025-05-16T23:41:45","guid":{"rendered":"https:\/\/magabit.net\/?page_id=1140"},"modified":"2025-08-14T12:46:23","modified_gmt":"2025-08-14T16:46:23","slug":"compensation-plan","status":"publish","type":"page","link":"https:\/\/magabit.net\/es\/compensation-plan\/","title":{"rendered":"Plan de retribuci\u00f3n"},"content":{"rendered":"<div data-elementor-type=\"wp-page\" data-elementor-id=\"1140\" class=\"elementor elementor-1140\" data-elementor-post-type=\"page\">\n\t\t\t\t<div class=\"elementor-element elementor-element-3aaf7a15 e-flex e-con-boxed e-con e-parent\" data-id=\"3aaf7a15\" data-element_type=\"container\">\n\t\t\t\t\t<div class=\"e-con-inner\">\n\t\t\t\t<div class=\"elementor-element elementor-element-134fa730 elementor-widget elementor-widget-text-editor\" data-id=\"134fa730\" data-element_type=\"widget\" data-widget_type=\"text-editor.default\">\n\t\t\t\t<div class=\"elementor-widget-container\">\n\t\t\t\t\t\t\t\t\t<p class=\"p1\"><b>Fecha de entrada en vigor:<\/b><span class=\"s1\"> 2 de abril de 2025<\/span><\/p>\n<p class=\"p2\"><span class=\"s2\"><b>\u00daltima actualizaci\u00f3n:<\/b><\/span>&nbsp;16 de mayo de 2025<\/p>\n<h4>Visi\u00f3n general<\/h4>\n<p><span style=\"font-weight: 400;\">MAGAbit es una plataforma de recompensas de Bitcoin basada en el rendimiento y conectada a una infraestructura minera estadounidense. Los miembros, denominados Propietarios Independientes de Bitcoin, pueden ganar Bitcoin (BTC) y\/o comisiones fiat a trav\u00e9s de su actividad dentro del sistema de miembros de MAGAbit. Este plan describe c\u00f3mo se calculan y distribuyen las recompensas.<\/span><\/p>\n<p><b>Descargo de responsabilidad:<\/b><span style=\"font-weight: 400;\"> MAGAbit no es un proveedor de servicios financieros y no ofrece inversiones, valores ni participaci\u00f3n en beneficios. La participaci\u00f3n no es una inversi\u00f3n y las recompensas no est\u00e1n garantizadas. Todas las bonificaciones y comisiones se basan \u00fanicamente en la actividad de los usuarios y la participaci\u00f3n en la plataforma.<\/span><\/p>\n<hr>\n<h4><b><br><\/b><strong>1. Estructura de los miembros<\/strong><\/h4>\n<p><span style=\"font-weight: 400;\">Los participantes deben mantener una afiliaci\u00f3n mensual activa para poder optar a las recompensas.<\/span><\/p>\n<ul>\n<li style=\"font-weight: 400;\" aria-level=\"1\"><b>Cuota \u00fanica de inscripci\u00f3n:<\/b><span style=\"font-weight: 400;\"> $399 (no reembolsable una vez concedido el acceso)\n<p><\/p><\/span><\/li>\n<li style=\"font-weight: 400;\" aria-level=\"1\"><b>Cuota mensual de socio:<\/b><span style=\"font-weight: 400;\"> $47\/mes (facturado mensualmente)\n<p><\/p><\/span><\/li>\n<li style=\"font-weight: 400;\" aria-level=\"1\"><b>Beneficios de la afiliaci\u00f3n:<\/b>\n<ul>\n<li style=\"font-weight: 400;\" aria-level=\"2\"><span style=\"font-weight: 400;\">Acceso a las herramientas de la plataforma y al cuadro de mandos<\/span><\/li>\n<li style=\"font-weight: 400;\" aria-level=\"2\"><span style=\"font-weight: 400;\">Participaci\u00f3n en programas de recompensas<\/span><\/li>\n<li style=\"font-weight: 400;\" aria-level=\"2\"><span style=\"font-weight: 400;\">Posibilidad de recomendar a otros y ganar bonificaciones\n<p><\/p><\/span><\/li>\n<\/ul>\n<\/li>\n<\/ul>\n<hr>\n<h4><b><br>2. Bonificaci\u00f3n por inicio r\u00e1pido<\/b><\/h4>\n<p><span style=\"font-weight: 400;\">Gane una comisi\u00f3n directa cuando recomiende a un nuevo afiliado que complete su inscripci\u00f3n.<\/span><\/p>\n<ul>\n<li style=\"font-weight: 400;\" aria-level=\"1\"><b>Importe de la bonificaci\u00f3n:<\/b><span style=\"font-weight: 400;\"> $100 USD por recomendaci\u00f3n<\/span><\/li>\n<li style=\"font-weight: 400;\" aria-level=\"1\"><span style=\"font-weight: 400;\">Pagado en fiat o BTC a discreci\u00f3n de MAGAbit<\/span><\/li>\n<li style=\"font-weight: 400;\" aria-level=\"1\"><span style=\"font-weight: 400;\">El remitente debe estar activo en el momento de la remisi\u00f3n<\/span><\/li>\n<\/ul>\n<hr>\n<h4><b><br>3. Bono de volumen binario<\/b><\/h4>\n<p><span style=\"font-weight: 400;\">MAGAbit utiliza una estructura de equipo binario. Ganas bonificaciones en funci\u00f3n del volumen igualado de tus piernas izquierda y derecha.<\/span><\/p>\n<ul>\n<li style=\"font-weight: 400;\" aria-level=\"1\"><b>C\u00e1lculo de la bonificaci\u00f3n:<\/b>\n<ul>\n<li style=\"font-weight: 400;\" aria-level=\"2\"><span style=\"font-weight: 400;\">Volumen coincidente de ambas piernas<\/span><\/li>\n<li style=\"font-weight: 400;\" aria-level=\"2\"><span style=\"font-weight: 400;\">Pagado en porcentaje del volumen del tramo m\u00e1s d\u00e9bil\n<p><\/p><\/span><\/li>\n<\/ul>\n<\/li>\n<li style=\"font-weight: 400;\" aria-level=\"1\"><b>Elegibilidad:<\/b>\n<ul>\n<li style=\"font-weight: 400;\" aria-level=\"2\"><span style=\"font-weight: 400;\">Debe mantener una afiliaci\u00f3n activa<\/span><\/li>\n<li style=\"font-weight: 400;\" aria-level=\"2\"><span style=\"font-weight: 400;\">Debe inscribir personalmente al menos a un miembro en cada tramo\n<p><\/p><\/span><\/li>\n<\/ul>\n<\/li>\n<\/ul>\n<hr>\n<h4><b><br>4. Bonificaci\u00f3n<\/b><\/h4>\n<p><span style=\"font-weight: 400;\">Gana un porcentaje de los Bonos Binarios ganados por tus referidos directos.<\/span><\/p>\n<ul>\n<li style=\"font-weight: 400;\" aria-level=\"1\"><b>Niveles de bonificaci\u00f3n:<\/b>\n<ul>\n<li style=\"font-weight: 400;\" aria-level=\"2\"><span style=\"font-weight: 400;\">Nivel 1 (Remisiones directas): 10%<\/span><\/li>\n<li style=\"font-weight: 400;\" aria-level=\"2\"><span style=\"font-weight: 400;\">Nivel 2 (Sus remisiones): 5%<\/span><\/li>\n<li style=\"font-weight: 400;\" aria-level=\"2\"><span style=\"font-weight: 400;\">Se pueden desbloquear niveles adicionales al subir de rango.<br><\/span><\/li>\n<\/ul>\n<\/li>\n<\/ul>\n<hr>\n<h4><b><br>5. Fondo de bonificaci\u00f3n por fidelidad Patriot<\/b><\/h4>\n<p><span style=\"font-weight: 400;\">Un fondo de bonificaci\u00f3n opcional financiado con cargo a las reservas operativas no asignadas y a los presupuestos de promoci\u00f3n.<\/span><\/p>\n<ul>\n<li style=\"font-weight: 400;\" aria-level=\"1\"><b>Participaci\u00f3n:<\/b>\n<ul>\n<li style=\"font-weight: 400;\" aria-level=\"2\"><span style=\"font-weight: 400;\">Compra del producto Patriot ($1.000) = 2 acciones<\/span><\/li>\n<li style=\"font-weight: 400;\" aria-level=\"2\"><span style=\"font-weight: 400;\">Cada recomendaci\u00f3n que cumpla los requisitos y compre un producto Patriot = 1 acci\u00f3n adicional.\n<p><\/p><\/span><\/li>\n<\/ul>\n<\/li>\n<li style=\"font-weight: 400;\" aria-level=\"1\"><b>Distribuci\u00f3n:<\/b>\n<ul>\n<li style=\"font-weight: 400;\" aria-level=\"2\"><span style=\"font-weight: 400;\">El fondo se distribuye mensualmente en funci\u00f3n del n\u00famero de acciones<\/span><\/li>\n<li style=\"font-weight: 400;\" aria-level=\"2\"><span style=\"font-weight: 400;\">Pago en BTC o fiat a discreci\u00f3n de MAGAbit<\/span><\/li>\n<\/ul>\n<\/li>\n<\/ul>\n<p><b style=\"font-family: -apple-system, BlinkMacSystemFont, 'Segoe UI', Roboto, 'Helvetica Neue', Arial, 'Noto Sans', sans-serif, 'Apple Color Emoji', 'Segoe UI Emoji', 'Segoe UI Symbol', 'Noto Color Emoji';\"><br>Nota:<\/b><span style=\"font-weight: 400;\"> Este fondo com\u00fan no constituye un reparto de ingresos ni un rendimiento de la inversi\u00f3n. La participaci\u00f3n es opcional y no es obligatoria para utilizar la plataforma.<\/span><\/p>\n<p><\/p>\n<hr>\n<h4><b><br>6. Ascenso de rango<\/b><\/h4>\n<p><span style=\"font-weight: 400;\">Los miembros pueden ascender de rango en funci\u00f3n del volumen del equipo y las referencias. El rango puede desbloquear niveles de bonificaci\u00f3n adicionales.<\/span><\/p>\n<ul>\n<li style=\"font-weight: 400;\" aria-level=\"1\"><b>Ejemplo de criterios:<\/b>\n<ul>\n<li style=\"font-weight: 400;\" aria-level=\"2\"><span style=\"font-weight: 400;\">Equipo Umbrales de volumen<\/span><\/li>\n<li style=\"font-weight: 400;\" aria-level=\"2\"><span style=\"font-weight: 400;\">Recuento de referencias personales<\/span><\/li>\n<li style=\"font-weight: 400;\" aria-level=\"2\"><span style=\"font-weight: 400;\">Estado activo<\/span><\/li>\n<\/ul>\n<\/li>\n<\/ul>\n<hr>\n<h4><b><br>7. Condiciones importantes<\/b><\/h4>\n<ul>\n<li style=\"font-weight: 400;\" aria-level=\"1\"><b>Responsabilidad de la cartera:<\/b><span style=\"font-weight: 400;\"> Debe proporcionar una direcci\u00f3n de monedero BTC exacta y de terceros. MAGAbit no custodia cripto.\n<p><\/p><\/span><\/li>\n<li style=\"font-weight: 400;\" aria-level=\"1\"><b>Estado activo requerido:<\/b><span style=\"font-weight: 400;\"> Todas las bonificaciones requieren una afiliaci\u00f3n activa.\n<p><\/p><\/span><\/li>\n<li style=\"font-weight: 400;\" aria-level=\"1\"><b>Conformidad:<\/b><span style=\"font-weight: 400;\"> Los participantes deben seguir las Condiciones, el C\u00f3digo de Conducta y las directrices del Plan de Compensaci\u00f3n de MAGAbit.<\/span><\/li>\n<\/ul>\n<p><\/p>\n<hr>\n<h4><b><br>8. Derechos de modificaci\u00f3n<\/b><\/h4>\n<p>MAGAbit se reserva el derecho de actualizar o modificar este Plan de Compensaci\u00f3n en cualquier momento para asegurar el cumplimiento legal y la integridad de la plataforma. Las actualizaciones se publicar\u00e1n en el sitio web oficial.<\/p>\n<p><\/p>\n<hr>\n<h4><b><br>9. \u00bfNecesita ayuda?<\/b><\/h4>\n<p><span style=\"font-weight: 400;\">Para preguntas sobre su compensaci\u00f3n o participaci\u00f3n:<\/span><\/p>\n<p><b>Correo electr\u00f3nico:<\/b><span style=\"font-weight: 400;\"> support@MAGAbit.us<\/span><\/p>\n<p><\/p>\t\t\t\t\t\t\t\t<\/div>\n\t\t\t\t<\/div>\n\t\t\t\t\t<\/div>\n\t\t\t\t<\/div>\n\t\t\t\t<\/div>","protected":false},"excerpt":{"rendered":"<p>Fecha de entrada en vigor: 2 de abril de 2025 \u00daltima actualizaci\u00f3n: 16 de mayo de 2025 Descripci\u00f3n general MAGAbit es una plataforma de recompensas de Bitcoin basada en el rendimiento y conectada a una infraestructura minera con sede en Estados Unidos. Los miembros, denominados Propietarios Independientes de Bitcoin, pueden ganar Bitcoin (BTC) y\/o comisiones fiat a trav\u00e9s de su actividad dentro del sistema de miembros de MAGAbit. Este plan describe c\u00f3mo se calculan y distribuyen las recompensas. Descargo de responsabilidad: MAGAbit [...]<\/p>","protected":false},"author":1,"featured_media":0,"parent":0,"menu_order":0,"comment_status":"closed","ping_status":"closed","template":"","meta":{"_acf_changed":false,"footnotes":""},"class_list":["post-1140","page","type-page","status-publish","hentry"],"acf":[],"_links":{"self":[{"href":"https:\/\/magabit.net\/es\/wp-json\/wp\/v2\/pages\/1140","targetHints":{"allow":["GET"]}}],"collection":[{"href":"https:\/\/magabit.net\/es\/wp-json\/wp\/v2\/pages"}],"about":[{"href":"https:\/\/magabit.net\/es\/wp-json\/wp\/v2\/types\/page"}],"author":[{"embeddable":true,"href":"https:\/\/magabit.net\/es\/wp-json\/wp\/v2\/users\/1"}],"replies":[{"embeddable":true,"href":"https:\/\/magabit.net\/es\/wp-json\/wp\/v2\/comments?post=1140"}],"version-history":[{"count":0,"href":"https:\/\/magabit.net\/es\/wp-json\/wp\/v2\/pages\/1140\/revisions"}],"wp:attachment":[{"href":"https:\/\/magabit.net\/es\/wp-json\/wp\/v2\/media?parent=1140"}],"curies":[{"name":"wp","href":"https:\/\/api.w.org\/{rel}","templated":true}]}}