


{"id":3,"date":"2025-04-04T15:29:34","date_gmt":"2025-04-04T15:29:34","guid":{"rendered":"http:\/\/magabit.net\/?page_id=3"},"modified":"2025-04-08T01:43:45","modified_gmt":"2025-04-08T01:43:45","slug":"privacy-policy","status":"publish","type":"page","link":"https:\/\/magabit.net\/es\/privacy-policy\/","title":{"rendered":"Pol\u00edtica de privacidad"},"content":{"rendered":"<div data-elementor-type=\"wp-page\" data-elementor-id=\"3\" class=\"elementor elementor-3\" data-elementor-post-type=\"page\">\n\t\t\t\t<div class=\"elementor-element elementor-element-5f4175f9 e-flex e-con-boxed e-con e-parent\" data-id=\"5f4175f9\" data-element_type=\"container\">\n\t\t\t\t\t<div class=\"e-con-inner\">\n\t\t\t\t<div class=\"elementor-element elementor-element-44b5ebbe elementor-widget elementor-widget-text-editor\" data-id=\"44b5ebbe\" data-element_type=\"widget\" data-widget_type=\"text-editor.default\">\n\t\t\t\t<div class=\"elementor-widget-container\">\n\t\t\t\t\t\t\t\t\t<p><\/p>\n<p class=\"p1\"><b>Fecha de entrada en vigor:<\/b><span class=\"s1\">&nbsp;2 de abril de 2024<\/span><\/p>\n<p class=\"p2\"><span class=\"s2\"><b>\u00daltima actualizaci\u00f3n:<\/b><\/span> 2 de abril de 2024<\/p>\n<p class=\"p2\">MAGAbit (\"nosotros\", \"nos\" o \"nuestro\") respeta su privacidad y se compromete a proteger la informaci\u00f3n personal que comparta con nosotros. Esta pol\u00edtica de privacidad explica c\u00f3mo recopilamos, utilizamos, almacenamos y protegemos sus datos cuando utiliza nuestro sitio web, plataforma y servicios.<br><br><\/p>\n<hr>\n<h4 class=\"wp-block-heading\"><b><br>1. Informaci\u00f3n que recopilamos<\/b><\/h4>\n<p class=\"p2\">Recogemos los siguientes tipos de informaci\u00f3n:<\/p>\n<ul>\n<li>\n<p class=\"p1\"><span class=\"s1\"><b>Informaci\u00f3n personal:<\/b><\/span> Nombre, direcci\u00f3n de correo electr\u00f3nico, direcci\u00f3n de facturaci\u00f3n y n\u00famero de tel\u00e9fono durante el registro o la compra.<\/p>\n<\/li>\n<li>\n<p class=\"p1\"><span class=\"s1\"><b>Datos de la cuenta:<\/b><\/span> Nombre de usuario, contrase\u00f1a (cifrada), direcci\u00f3n(es) del monedero e historial de transacciones.<\/p>\n<\/li>\n<li>\n<p class=\"p1\"><span class=\"s1\"><b>Informaci\u00f3n sobre el pago:<\/b><\/span> Se procesan de forma segura a trav\u00e9s de proveedores externos (por ejemplo, Stripe); no almacenamos los n\u00fameros completos de las tarjetas de cr\u00e9dito ni la informaci\u00f3n bancaria.<\/p>\n<\/li>\n<li>\n<p class=\"p1\"><span class=\"s1\"><b>Datos de uso:<\/b><\/span> Direcci\u00f3n IP, tipo de navegador, zona horaria e interacciones con la plataforma (recogidas mediante cookies o herramientas de an\u00e1lisis).<br><br><\/p>\n<\/li>\n<\/ul>\n<hr>\n<h4><b><br>2. C\u00f3mo utilizamos su informaci\u00f3n<\/b><\/h4>\n<p class=\"p2\">Utilizamos su informaci\u00f3n para:<\/p>\n<ul>\n<li>\n<p class=\"p1\">Cree y gestione su cuenta MAGAbit<\/p>\n<\/li>\n<li>\n<p class=\"p1\">Procesar transacciones y entregar productos o servicios<\/p>\n<\/li>\n<li>\n<p class=\"p1\">Comunicar actualizaciones importantes, comisiones o cambios de pol\u00edtica<\/p>\n<\/li>\n<li>\n<p class=\"p1\">Garantizar la seguridad de la plataforma y detectar el fraude<\/p>\n<\/li>\n<li>\n<p class=\"p1\">Cumplir las obligaciones legales y reglamentarias<br><br><\/p>\n<\/li>\n<\/ul>\n<hr>\n<h4><b><br>3. 3. Intercambio de informaci\u00f3n<\/b><\/h4>\n<p class=\"p2\">Lo hacemos <span class=\"s2\"><b>no vender ni alquilar sus datos personales<\/b><\/span>. Sus datos s\u00f3lo podr\u00e1n compartirse con:<\/p>\n<ul>\n<li>\n<p class=\"p1\"><span class=\"s1\"><b>Procesadores de pagos<\/b><\/span> (por ejemplo, Stripe) para completar las compras<\/p>\n<\/li>\n<li>\n<p class=\"p1\"><span class=\"s1\"><b>Cumplimiento de la normativa<\/b><\/span> para verificar la identidad o la legitimidad de la transacci\u00f3n, en caso necesario<\/p>\n<\/li>\n<li>\n<p class=\"p1\"><span class=\"s1\"><b>Cumplimiento de la ley<\/b><\/span> o agencias gubernamentales, tal como exige la ley<br><br><\/p>\n<\/li>\n<\/ul>\n<hr>\n<h4><b><br>4. Informaci\u00f3n sobre la criptocartera<\/b><\/h4>\n<p class=\"p2\">Aunque recopilamos la direcci\u00f3n de su monedero criptogr\u00e1fico con el fin de emitir pagos en BTC, lo que hacemos es <span class=\"s2\"><b>no tener acceso a sus claves privadas<\/b><\/span> o la posibilidad de acceder a su monedero. Usted es el \u00fanico responsable de la exactitud y seguridad de su monedero.<br><br><\/p>\n<hr>\n<h4><b><br>5. Cookies y seguimiento<\/b><\/h4>\n<p class=\"p2\">Podemos utilizar cookies y herramientas de an\u00e1lisis de terceros (por ejemplo, Google Analytics) para realizar un seguimiento de la actividad del sitio, mejorar la experiencia del usuario y mejorar el rendimiento. Puede desactivar las cookies en la configuraci\u00f3n de su navegador, aunque es posible que algunas funciones no funcionen correctamente.<br><br><\/p>\n<hr>\n<h4><b><br>6. Conservaci\u00f3n de datos<\/b><\/h4>\n<p class=\"p2\">Conservamos sus datos personales mientras su cuenta est\u00e9 activa o seg\u00fan sea necesario para cumplir requisitos legales, fiscales o reglamentarios. Puede solicitar la eliminaci\u00f3n de datos de conformidad con la legislaci\u00f3n aplicable.<br><br><\/p>\n<hr>\n<h4><b><br>7. Sus derechos<\/b><\/h4>\n<p class=\"p2\">Dependiendo de su jurisdicci\u00f3n, puede tener derecho a:<\/p>\n<ul>\n<li>\n<p class=\"p1\">Acceder a los datos personales que tenemos sobre usted<\/p>\n<\/li>\n<li>\n<p class=\"p1\">Solicitar correcciones de sus datos<\/p>\n<\/li>\n<li>\n<p class=\"p1\">Solicitar la supresi\u00f3n de sus datos<\/p>\n<\/li>\n<li>\n<p class=\"p1\">Oponerse o restringir el uso que hacemos de sus datos<\/p>\n<\/li>\n<\/ul>\n<p class=\"p2\">Para ejercer estos derechos, p\u00f3ngase en contacto con nosotros en SUPPORT@MAGAbit.US.<br><br><\/p>\n<hr>\n<h4><b><br>8. Seguridad de los datos<\/b><\/h4>\n<p class=\"p2\">Utilizamos medidas de seguridad f\u00edsicas, t\u00e9cnicas y administrativas comercialmente razonables para proteger su informaci\u00f3n frente a accesos, usos o divulgaciones no autorizados.<br><br><\/p>\n<hr>\n<h4><b><br>9. Usuarios internacionales<\/b><\/h4>\n<p class=\"p2\">Si accede a MAGAbit desde fuera de Estados Unidos, consiente el tratamiento de su informaci\u00f3n de acuerdo con esta pol\u00edtica y la legislaci\u00f3n estadounidense aplicable en materia de protecci\u00f3n de datos.<br><br><\/p>\n<hr>\n<h4><b><br>10. Actualizaciones de esta pol\u00edtica<\/b><\/h4>\n<p class=\"p2\">Podemos actualizar esta Pol\u00edtica de Privacidad de vez en cuando. Cualquier cambio se publicar\u00e1 en esta p\u00e1gina con una \"Fecha de entrada en vigor\" revisada. El uso continuado de la plataforma despu\u00e9s de los cambios significa que usted acepta la pol\u00edtica revisada.<br><br><\/p>\n<hr>\n<h4><b><br>11. Contacto<\/b><\/h4>\n<p class=\"p2\">Si tiene alguna pregunta sobre esta Pol\u00edtica de Privacidad, p\u00f3ngase en contacto con sUPPORT@MAGAbit.US<br><br><\/p>\t\t\t\t\t\t\t\t<\/div>\n\t\t\t\t<\/div>\n\t\t\t\t\t<\/div>\n\t\t\t\t<\/div>\n\t\t\t\t<\/div>","protected":false},"excerpt":{"rendered":"<p>Fecha de entrada en vigor: 2 de abril de 2024 \u00daltima actualizaci\u00f3n: 2 de abril de 2024 MAGAbit (\"nosotros\", \"nos\" o \"nuestro\") respeta su privacidad y se compromete a proteger la informaci\u00f3n personal que comparte con nosotros. Esta Pol\u00edtica de Privacidad explica c\u00f3mo recopilamos, utilizamos, almacenamos y protegemos sus datos cuando utiliza nuestro sitio web, plataforma y servicios. 1. Informaci\u00f3n que recopilamos Nosotros [...]<\/p>","protected":false},"author":1,"featured_media":0,"parent":0,"menu_order":0,"comment_status":"closed","ping_status":"open","template":"","meta":{"_acf_changed":false,"footnotes":""},"class_list":["post-3","page","type-page","status-publish","hentry"],"acf":[],"_links":{"self":[{"href":"https:\/\/magabit.net\/es\/wp-json\/wp\/v2\/pages\/3","targetHints":{"allow":["GET"]}}],"collection":[{"href":"https:\/\/magabit.net\/es\/wp-json\/wp\/v2\/pages"}],"about":[{"href":"https:\/\/magabit.net\/es\/wp-json\/wp\/v2\/types\/page"}],"author":[{"embeddable":true,"href":"https:\/\/magabit.net\/es\/wp-json\/wp\/v2\/users\/1"}],"replies":[{"embeddable":true,"href":"https:\/\/magabit.net\/es\/wp-json\/wp\/v2\/comments?post=3"}],"version-history":[{"count":0,"href":"https:\/\/magabit.net\/es\/wp-json\/wp\/v2\/pages\/3\/revisions"}],"wp:attachment":[{"href":"https:\/\/magabit.net\/es\/wp-json\/wp\/v2\/media?parent=3"}],"curies":[{"name":"wp","href":"https:\/\/api.w.org\/{rel}","templated":true}]}}