


{"id":361,"date":"2025-04-08T01:34:33","date_gmt":"2025-04-08T01:34:33","guid":{"rendered":"https:\/\/magabit.net\/?page_id=361"},"modified":"2025-05-16T23:52:54","modified_gmt":"2025-05-16T23:52:54","slug":"terms-conditions","status":"publish","type":"page","link":"https:\/\/magabit.net\/es\/terms-conditions\/","title":{"rendered":"Condiciones generales"},"content":{"rendered":"<div data-elementor-type=\"wp-page\" data-elementor-id=\"361\" class=\"elementor elementor-361\" data-elementor-post-type=\"page\">\n\t\t\t\t<div class=\"elementor-element elementor-element-3aaf7a15 e-flex e-con-boxed e-con e-parent\" data-id=\"3aaf7a15\" data-element_type=\"container\">\n\t\t\t\t\t<div class=\"e-con-inner\">\n\t\t\t\t<div class=\"elementor-element elementor-element-134fa730 elementor-widget elementor-widget-text-editor\" data-id=\"134fa730\" data-element_type=\"widget\" data-widget_type=\"text-editor.default\">\n\t\t\t\t<div class=\"elementor-widget-container\">\n\t\t\t\t\t\t\t\t\t<p class=\"p1\"><b>Fecha de entrada en vigor:<\/b><span class=\"s1\"> 2 de abril de 2025<\/span><\/p>\n<p class=\"p2\"><span class=\"s2\"><b>\u00daltima actualizaci\u00f3n:<\/b><\/span>&nbsp;16 de mayo de 2025<\/p>\n<p>Bienvenido a MAGAbit. Estos T\u00e9rminos y Condiciones (\"T\u00e9rminos\") rigen su acceso y uso de la plataforma MAGAbit, productos y servicios. Al inscribirse en MAGAbit, comprar una membres\u00eda o acceder a nuestro sitio web, usted acepta cumplir y estar obligado por estos T\u00e9rminos. Si no est\u00e1 de acuerdo, no utilice la plataforma.<\/p>\n<hr>\n<h4><b><br>1. Visi\u00f3n general de la plataforma<\/b><\/h4>\n<p>MAGAbit es una plataforma de recompensas Bitcoin basada en la participaci\u00f3n. Los miembros (\"Propietarios Independientes de Bitcoin\") pueden ganar comisiones en BTC o fiat basadas en la actividad a trav\u00e9s del modelo de compensaci\u00f3n de MAGAbit y pueden acceder a fondos de bonificaci\u00f3n opcionales y no garantizados. MAGAbit no ofrece inversiones, valores, asesoramiento financiero ni rendimientos garantizados.<\/p>\n<hr>\n<h4><b><br>2. Elegibilidad<\/b><\/h4>\n<p><span style=\"font-weight: 400;\">Para participar en MAGAbit, debe tener al menos 18 a\u00f1os y estar legalmente autorizado para celebrar contratos en su jurisdicci\u00f3n. MAGAbit se reserva el derecho de aprobar, suspender o cancelar cualquier cuenta a su entera discreci\u00f3n, incluso por violaci\u00f3n de estos T\u00e9rminos o de las leyes aplicables.<\/span><\/p>\n<hr>\n<h4><b><br>3. 3. Productos y servicios<\/b><\/h4>\n<p><span style=\"font-weight: 400;\">La participaci\u00f3n puede incluir los siguientes servicios basados en el acceso:<\/span><\/p>\n<ul>\n<li style=\"font-weight: 400;\" aria-level=\"1\"><span style=\"font-weight: 400;\">Cuota \u00fanica de inscripci\u00f3n: <\/span><b><b>$399 USD<\/b><\/b>\n<p><\/p>\n<\/li>\n<li style=\"font-weight: 400;\" aria-level=\"1\"><span style=\"font-weight: 400;\">Cuota mensual recurrente de afiliaci\u00f3n: <\/span><b><b>$47 USD\/mes<\/b><\/b>\n<p><\/p>\n<\/li>\n<li style=\"font-weight: 400;\" aria-level=\"1\"><span style=\"font-weight: 400;\">Producto Patriot opcional: <\/span><b>$1.000 USD<\/b><span style=\"font-weight: 400;\"> (Concesi\u00f3n de cuotas de participaci\u00f3n en el Patriot Loyalty Bonus Pool)<\/span><\/li>\n<\/ul>\n<p>Estos servicios proporcionan acceso a la plataforma y a la estructura de recompensas de MAGAbit. No representan la venta de ning\u00fan bien tangible, token o inversi\u00f3n.<\/p>\n<hr>\n<h4><b><br>4. Pagos<\/b><\/h4>\n<p>Las distribuciones de Bitcoin (BTC) se calculan en funci\u00f3n de la actividad de los usuarios y de la producci\u00f3n minera disponible, de acuerdo con el modelo de compensaci\u00f3n de MAGAbit.<\/p>\n<p>Las comisiones basadas en Fiat (cuando proceda) podr\u00e1n emitirse a trav\u00e9s de canales de pago de terceros autorizados.<\/p>\n<p>Todos los pagos en BTC se realizan a la direcci\u00f3n del monedero criptogr\u00e1fico que proporcione. MAGAbit no ofrece servicios de monedero ni retiene los fondos de los usuarios. Usted es el \u00fanico responsable de la seguridad y exactitud de la informaci\u00f3n de su monedero.<\/p>\n<hr>\n<h4><b><br>5. 5. Pol\u00edtica de reembolso<\/b><\/h4>\n<p>La pol\u00edtica completa de devoluciones de MAGAbit est\u00e1 disponible en (<a href=\"\/es\/refund-billing-policy\/\">Pol\u00edtica de reembolso y facturaci\u00f3n<\/a>) y se resume del siguiente modo:<\/p>\n<ul>\n<li><span style=\"font-weight: 400;\">Las cuotas de inscripci\u00f3n y las compras de productos Patriot son las siguientes <\/span><b>no reembolsable<\/b><span style=\"font-weight: 400;\"><span style=\"font-weight: 400;\"> una vez concedido el acceso.<\/span><\/span>\n<p><\/p>\n<\/li>\n<li><span style=\"font-weight: 400;\">Las cuotas mensuales son <\/span><b>no reembolsable<\/b><span style=\"font-weight: 400;\"><span style=\"font-weight: 400;\"> una vez iniciado el ciclo de facturaci\u00f3n.<\/span><\/span>\n<p><\/p>\n<\/li>\n<li><span style=\"font-weight: 400;\">Los gastos duplicados o los problemas t\u00e9cnicos verificados pueden ser objeto de reembolso en el plazo de <\/span><b>7 d\u00edas<\/b><span style=\"font-weight: 400;\"><span style=\"font-weight: 400;\"> de ocurrencia.<\/span><\/span>\n<p><\/p>\n<\/li>\n<li style=\"font-weight: 400;\" aria-level=\"1\"><b>Devoluciones de cargo<\/b><span style=\"font-weight: 400;\"> puede dar lugar a la suspensi\u00f3n inmediata de la cuenta y a la p\u00e9rdida de las recompensas o comisiones obtenidas.<\/span><\/li>\n<li style=\"list-style-type: none;\">&nbsp;<\/li>\n<\/ul>\n<hr>\n<h4><b><br>6. Suspensi\u00f3n y cancelaci\u00f3n de la cuenta<\/b><\/h4>\n<p>MAGAbit puede suspender o cancelar su cuenta, con o sin previo aviso, por razones que incluyen, pero no se limitan a:<\/p>\n<ul>\n<li style=\"font-weight: 400;\" aria-level=\"1\"><span style=\"font-weight: 400;\"><span style=\"font-weight: 400;\">Presentaci\u00f3n de una devoluci\u00f3n<\/span><\/span>\n<p><\/p>\n<\/li>\n<li style=\"font-weight: 400;\" aria-level=\"1\"><span style=\"font-weight: 400;\"><span style=\"font-weight: 400;\">Proporcionar informaci\u00f3n falsa o enga\u00f1osa<\/span><\/span>\n<p><\/p>\n<\/li>\n<li style=\"font-weight: 400;\" aria-level=\"1\"><span style=\"font-weight: 400;\"><span style=\"font-weight: 400;\">Participar en actividades fraudulentas o poco \u00e9ticas<\/span><\/span>\n<p><\/p>\n<\/li>\n<li style=\"font-weight: 400;\" aria-level=\"1\"><span style=\"font-weight: 400;\">Violar los T\u00e9rminos de MAGAbit, el Plan de Compensaci\u00f3n o las leyes aplicables.<\/span><\/li>\n<\/ul>\n<p>Las cuentas suspendidas pueden perder las comisiones o recompensas ganadas a discreci\u00f3n exclusiva de MAGAbit.<\/p>\n<hr>\n<h4><b><br>7. 7. Propiedad intelectual<\/b><\/h4>\n<p>Todos los contenidos, marcas comerciales, nombres comerciales, logotipos, estructuras de compensaci\u00f3n, materiales del sitio web y caracter\u00edsticas de la plataforma son propiedad exclusiva de MAGAbit. Ning\u00fan contenido puede ser copiado, reproducido, distribuido o explotado sin permiso por escrito.<\/p>\n<hr>\n<h4><b><br>8. Sin asesoramiento financiero<\/b><\/h4>\n<p>La plataforma MAGAbit es s\u00f3lo para participar y obtener recompensas. Nada en el sitio o en los materiales de la plataforma constituye asesoramiento financiero, de inversi\u00f3n, fiscal o legal. Debe consultar con un asesor autorizado para cualquier necesidad de asesoramiento personal.<\/p>\n<hr>\n<h4><b><br>9. Obligaciones fiscales<\/b><\/h4>\n<p>Usted es el \u00fanico responsable de determinar y cumplir cualquier obligaci\u00f3n fiscal relacionada con su participaci\u00f3n en MAGAbit o sus ganancias de acuerdo con las leyes y normativas locales.<\/p>\n<hr>\n<h4><b><br>10. Modificaciones<\/b><\/h4>\n<p>MAGAbit puede modificar estas Condiciones, las caracter\u00edsticas de la plataforma, los precios o las pol\u00edticas en cualquier momento. Todas las actualizaciones se publicar\u00e1n en el sitio web. La participaci\u00f3n continua despu\u00e9s de las actualizaciones constituye su aceptaci\u00f3n de los nuevos T\u00e9rminos.<\/p>\n<hr>\n<h4><b><br>11. Contacto<\/b><\/h4>\n<p>Si tiene alguna pregunta sobre estas Condiciones o su cuenta, p\u00f3ngase en contacto con SUPPORT@MAGAbit.US.<\/p>\n<p><!-- \/wp:paragraph --><\/p>\t\t\t\t\t\t\t\t<\/div>\n\t\t\t\t<\/div>\n\t\t\t\t\t<\/div>\n\t\t\t\t<\/div>\n\t\t\t\t<\/div>","protected":false},"excerpt":{"rendered":"<p>Fecha de entrada en vigor: 2 de abril de 2025 \u00daltima actualizaci\u00f3n: 16 de mayo de 2025 Bienvenido a MAGAbit. Estos T\u00e9rminos y Condiciones (\"T\u00e9rminos\") rigen su acceso y uso de la plataforma MAGAbit, productos y servicios. Al inscribirse en MAGAbit, comprar una membres\u00eda o acceder a nuestro sitio web, usted acepta cumplir y estar obligado por estos T\u00e9rminos. Si usted [...]<\/p>","protected":false},"author":1,"featured_media":0,"parent":0,"menu_order":0,"comment_status":"closed","ping_status":"closed","template":"","meta":{"_acf_changed":false,"footnotes":""},"class_list":["post-361","page","type-page","status-publish","hentry"],"acf":[],"_links":{"self":[{"href":"https:\/\/magabit.net\/es\/wp-json\/wp\/v2\/pages\/361","targetHints":{"allow":["GET"]}}],"collection":[{"href":"https:\/\/magabit.net\/es\/wp-json\/wp\/v2\/pages"}],"about":[{"href":"https:\/\/magabit.net\/es\/wp-json\/wp\/v2\/types\/page"}],"author":[{"embeddable":true,"href":"https:\/\/magabit.net\/es\/wp-json\/wp\/v2\/users\/1"}],"replies":[{"embeddable":true,"href":"https:\/\/magabit.net\/es\/wp-json\/wp\/v2\/comments?post=361"}],"version-history":[{"count":0,"href":"https:\/\/magabit.net\/es\/wp-json\/wp\/v2\/pages\/361\/revisions"}],"wp:attachment":[{"href":"https:\/\/magabit.net\/es\/wp-json\/wp\/v2\/media?parent=361"}],"curies":[{"name":"wp","href":"https:\/\/api.w.org\/{rel}","templated":true}]}}