


{"id":387,"date":"2025-04-08T02:38:15","date_gmt":"2025-04-08T02:38:15","guid":{"rendered":"https:\/\/magabit.net\/?page_id=387"},"modified":"2025-09-02T12:55:00","modified_gmt":"2025-09-02T16:55:00","slug":"cancel-membership","status":"publish","type":"page","link":"https:\/\/magabit.net\/es\/cancel-membership\/","title":{"rendered":"Cancelar afiliaci\u00f3n"},"content":{"rendered":"<div data-elementor-type=\"wp-page\" data-elementor-id=\"387\" class=\"elementor elementor-387\" data-elementor-post-type=\"page\">\n\t\t\t\t<div class=\"elementor-element elementor-element-3aaf7a15 e-flex e-con-boxed e-con e-parent\" data-id=\"3aaf7a15\" data-element_type=\"container\">\n\t\t\t\t\t<div class=\"e-con-inner\">\n\t\t\t\t<div class=\"elementor-element elementor-element-134fa730 elementor-widget elementor-widget-text-editor\" data-id=\"134fa730\" data-element_type=\"widget\" data-widget_type=\"text-editor.default\">\n\t\t\t\t<div class=\"elementor-widget-container\">\n\t\t\t\t\t\t\t\t\t<p class=\"p1\"><b>Puede cancelar su suscripci\u00f3n a MAGAbit en cualquier momento, sin contratos ni penalizaciones.<\/b><\/p><p class=\"p1\">Al darse de baja, su facturaci\u00f3n mensual se detendr\u00e1 inmediatamente y conservar\u00e1 el acceso a su cuenta y al panel de control hasta el final de su ciclo de facturaci\u00f3n actual.\u00a0<\/p><p class=\"p1\"><b>Despu\u00e9s, su cuenta pasar\u00e1 a estado inactivo,<\/b> <u>y ya no podr\u00e1 ganar ni recibir recompensas o comisiones de Bitcoin.<\/u><\/p><p class=\"p1\"><b style=\"text-align: var(--text-align); background-color: var( --e-global-color-primary ); color: var( --e-global-color-text ); font-family: var( --e-global-typography-text-font-family ), Sans-serif; font-size: var( --e-global-typography-text-font-size ); text-transform: var( --e-global-typography-text-text-transform );\">Tenga en cuenta lo siguiente:<\/b><\/p><ul><li class=\"p1\"><span style=\"background-color: transparent; text-align: var(--text-align); color: var( --e-global-color-text ); font-family: var( --e-global-typography-text-font-family ), Sans-serif; font-weight: var( --e-global-typography-text-font-weight ); text-transform: var( --e-global-typography-text-text-transform );\"><span style=\"background-color: transparent; text-align: var(--text-align); color: var( --e-global-color-text ); font-family: var( --e-global-typography-text-font-family ), Sans-serif; font-weight: var( --e-global-typography-text-font-weight ); text-transform: var( --e-global-typography-text-text-transform );\">La cuota de inscripci\u00f3n $399 no es reembolsable.<\/span><\/span><\/li><li class=\"p1\">Las cuotas mensuales de afiliaci\u00f3n no son reembolsables una vez iniciado el ciclo de facturaci\u00f3n.<\/li><li class=\"p1\">Cancelar su afiliaci\u00f3n <span class=\"s1\" style=\"font-family: -apple-system, BlinkMacSystemFont, 'Segoe UI', Roboto, 'Helvetica Neue', Arial, 'Noto Sans', sans-serif, 'Apple Color Emoji', 'Segoe UI Emoji', 'Segoe UI Symbol', 'Noto Color Emoji';\"><b>no<\/b><\/span><span style=\"font-family: -apple-system, BlinkMacSystemFont, 'Segoe UI', Roboto, 'Helvetica Neue', Arial, 'Noto Sans', sans-serif, 'Apple Color Emoji', 'Segoe UI Emoji', 'Segoe UI Symbol', 'Noto Color Emoji';\"><span style=\"font-family: -apple-system, BlinkMacSystemFont, 'Segoe UI', Roboto, 'Helvetica Neue', Arial, 'Noto Sans', sans-serif, 'Apple Color Emoji', 'Segoe UI Emoji', 'Segoe UI Symbol', 'Noto Color Emoji';\"> afectar a cualquier Bitcoin que ya haya recibido o a su monedero conectado.<\/span><\/span><\/li><\/ul><p><\/p>\t\t\t\t\t\t\t\t<\/div>\n\t\t\t\t<\/div>\n\t\t<div class=\"elementor-element elementor-element-5f79a32 e-con-full e-flex e-con e-child\" data-id=\"5f79a32\" data-element_type=\"container\" data-settings=\"{&quot;background_background&quot;:&quot;classic&quot;}\">\n\t\t<div class=\"elementor-element elementor-element-e183ed2 e-con-full e-flex e-con e-child\" data-id=\"e183ed2\" data-element_type=\"container\">\n\t\t\t\t<div class=\"elementor-element elementor-element-c16da8b elementor-widget elementor-widget-heading\" data-id=\"c16da8b\" data-element_type=\"widget\" data-widget_type=\"heading.default\">\n\t\t\t\t<div class=\"elementor-widget-container\">\n\t\t\t\t\t<h2 class=\"elementor-heading-title elementor-size-default\">Paso 1: Vaya a \"Mi cuenta - Suscripciones\".<\/h2>\t\t\t\t<\/div>\n\t\t\t\t<\/div>\n\t\t\t\t<div class=\"elementor-element elementor-element-2575539 elementor-widget elementor-widget-text-editor\" data-id=\"2575539\" data-element_type=\"widget\" data-widget_type=\"text-editor.default\">\n\t\t\t\t<div class=\"elementor-widget-container\">\n\t\t\t\t\t\t\t\t\t<p>Si usted tiene una membres\u00eda activa MAGAbit. Ya tendr\u00e1 una cuenta de cliente con nosotros. S\u00f3lo tendr\u00e1 que ir a <a href=\"https:\/\/MAGAbit.net\/my-account\/\" target=\"_blank\" rel=\"noopener\">https:\/\/MAGAbit.net\/my-account\/<\/a> y vaya a la pesta\u00f1a \"Suscripciones\" una vez que haya iniciado sesi\u00f3n.<\/p>\t\t\t\t\t\t\t\t<\/div>\n\t\t\t\t<\/div>\n\t\t\t\t<div class=\"elementor-element elementor-element-9f42d90 elementor-widget elementor-widget-image\" data-id=\"9f42d90\" data-element_type=\"widget\" data-widget_type=\"image.default\">\n\t\t\t\t<div class=\"elementor-widget-container\">\n\t\t\t\t\t\t\t\t\t\t\t\t\t\t\t<img fetchpriority=\"high\" decoding=\"async\" width=\"800\" height=\"231\" src=\"https:\/\/magabit.net\/wp-content\/uploads\/2025\/04\/my-account-subscriptions-1024x296.png\" class=\"attachment-large size-large wp-image-391\" alt=\"\" srcset=\"https:\/\/magabit.net\/wp-content\/uploads\/2025\/04\/my-account-subscriptions-1024x296.png 1024w, https:\/\/magabit.net\/wp-content\/uploads\/2025\/04\/my-account-subscriptions-300x87.png 300w, https:\/\/magabit.net\/wp-content\/uploads\/2025\/04\/my-account-subscriptions-768x222.png 768w, https:\/\/magabit.net\/wp-content\/uploads\/2025\/04\/my-account-subscriptions-1536x443.png 1536w, https:\/\/magabit.net\/wp-content\/uploads\/2025\/04\/my-account-subscriptions-2048x591.png 2048w, https:\/\/magabit.net\/wp-content\/uploads\/2025\/04\/my-account-subscriptions-18x5.png 18w, https:\/\/magabit.net\/wp-content\/uploads\/2025\/04\/my-account-subscriptions-1320x381.png 1320w, https:\/\/magabit.net\/wp-content\/uploads\/2025\/04\/my-account-subscriptions-600x173.png 600w\" sizes=\"(max-width: 800px) 100vw, 800px\" \/>\t\t\t\t\t\t\t\t\t\t\t\t\t\t\t<\/div>\n\t\t\t\t<\/div>\n\t\t\t\t<\/div>\n\t\t<div class=\"elementor-element elementor-element-e32c1eb e-con-full e-flex e-con e-child\" data-id=\"e32c1eb\" data-element_type=\"container\">\n\t\t\t\t<div class=\"elementor-element elementor-element-06e8f80 elementor-widget elementor-widget-heading\" data-id=\"06e8f80\" data-element_type=\"widget\" data-widget_type=\"heading.default\">\n\t\t\t\t<div class=\"elementor-widget-container\">\n\t\t\t\t\t<h2 class=\"elementor-heading-title elementor-size-default\">Paso 2: Pulse el bot\u00f3n \"Cancelar<\/h2>\t\t\t\t<\/div>\n\t\t\t\t<\/div>\n\t\t\t\t<div class=\"elementor-element elementor-element-73f05b7 elementor-widget elementor-widget-text-editor\" data-id=\"73f05b7\" data-element_type=\"widget\" data-widget_type=\"text-editor.default\">\n\t\t\t\t<div class=\"elementor-widget-container\">\n\t\t\t\t\t\t\t\t\t<p>Una vez que haya llegado a <a href=\"https:\/\/magabit.net\/es\/my-account\/subscriptions\/\" target=\"_blank\" rel=\"noopener\">https:\/\/magabit.net\/my-account\/subscriptions\/<\/a> ver\u00e1s todas tus suscripciones activas. Solo tienes que hacer clic en \"Ver\" a la derecha de la suscripci\u00f3n y te llevar\u00e1 a la p\u00e1gina de informaci\u00f3n de la suscripci\u00f3n.\u00a0<\/p><p>Una vez en la p\u00e1gina de suscripci\u00f3n individual, ver\u00e1 un bot\u00f3n que dice \"Cancelar\". Si desea cancelar su suscripci\u00f3n en cualquier momento, s\u00f3lo tiene que hacer clic en ese bot\u00f3n.<\/p><p><span style=\"font-weight: bold;\">Despu\u00e9s de cancelar, su cuenta pasar\u00e1 a estado inactivo,<\/span>\u00a0<u>y ya no podr\u00e1 ganar ni recibir recompensas o comisiones de Bitcoin.<\/u>.\u00a0<span style=\"background-color: transparent; text-align: var(--text-align); color: var( --e-global-color-text ); font-family: var( --e-global-typography-text-font-family ), Sans-serif; font-weight: var( --e-global-typography-text-font-weight ); text-transform: var( --e-global-typography-text-text-transform );\">Cancelar su afiliaci\u00f3n\u00a0<\/span><span style=\"background-color: transparent; text-align: var(--text-align); color: var( --e-global-color-text ); font-weight: var( --e-global-typography-text-font-weight ); text-transform: var( --e-global-typography-text-text-transform ); font-family: -apple-system, BlinkMacSystemFont, 'Segoe UI', Roboto, 'Helvetica Neue', Arial, 'Noto Sans', sans-serif, 'Apple Color Emoji', 'Segoe UI Emoji', 'Segoe UI Symbol', 'Noto Color Emoji';\"><span style=\"font-weight: bold;\">no<\/span><\/span><span style=\"background-color: transparent; text-align: var(--text-align); color: var( --e-global-color-text ); font-weight: var( --e-global-typography-text-font-weight ); text-transform: var( --e-global-typography-text-text-transform ); font-family: -apple-system, BlinkMacSystemFont, 'Segoe UI', Roboto, 'Helvetica Neue', Arial, 'Noto Sans', sans-serif, 'Apple Color Emoji', 'Segoe UI Emoji', 'Segoe UI Symbol', 'Noto Color Emoji';\">\u00a0afectar a cualquier Bitcoin que ya haya recibido o a su monedero conectado.<\/span><u><\/u><\/p>\t\t\t\t\t\t\t\t<\/div>\n\t\t\t\t<\/div>\n\t\t\t\t<div class=\"elementor-element elementor-element-cfb5ae5 elementor-widget elementor-widget-image\" data-id=\"cfb5ae5\" data-element_type=\"widget\" data-widget_type=\"image.default\">\n\t\t\t\t<div class=\"elementor-widget-container\">\n\t\t\t\t\t\t\t\t\t\t\t\t\t\t\t<img decoding=\"async\" width=\"800\" height=\"257\" src=\"https:\/\/magabit.net\/wp-content\/uploads\/2025\/04\/cancel-membership-1024x329.png\" class=\"attachment-large size-large wp-image-390\" alt=\"\" srcset=\"https:\/\/magabit.net\/wp-content\/uploads\/2025\/04\/cancel-membership-1024x329.png 1024w, https:\/\/magabit.net\/wp-content\/uploads\/2025\/04\/cancel-membership-300x96.png 300w, https:\/\/magabit.net\/wp-content\/uploads\/2025\/04\/cancel-membership-768x247.png 768w, https:\/\/magabit.net\/wp-content\/uploads\/2025\/04\/cancel-membership-1536x493.png 1536w, https:\/\/magabit.net\/wp-content\/uploads\/2025\/04\/cancel-membership-2048x658.png 2048w, https:\/\/magabit.net\/wp-content\/uploads\/2025\/04\/cancel-membership-18x6.png 18w, https:\/\/magabit.net\/wp-content\/uploads\/2025\/04\/cancel-membership-1320x424.png 1320w, https:\/\/magabit.net\/wp-content\/uploads\/2025\/04\/cancel-membership-600x193.png 600w\" sizes=\"(max-width: 800px) 100vw, 800px\" \/>\t\t\t\t\t\t\t\t\t\t\t\t\t\t\t<\/div>\n\t\t\t\t<\/div>\n\t\t\t\t<\/div>\n\t\t<div class=\"elementor-element elementor-element-57430da e-con-full e-flex e-con e-child\" data-id=\"57430da\" data-element_type=\"container\">\n\t\t\t\t<div class=\"elementor-element elementor-element-9709cdc elementor-widget elementor-widget-heading\" data-id=\"9709cdc\" data-element_type=\"widget\" data-widget_type=\"heading.default\">\n\t\t\t\t<div class=\"elementor-widget-container\">\n\t\t\t\t\t<h2 class=\"elementor-heading-title elementor-size-default\">Paso 3: Cancelaci\u00f3n de la afiliaci\u00f3n<\/h2>\t\t\t\t<\/div>\n\t\t\t\t<\/div>\n\t\t\t\t<div class=\"elementor-element elementor-element-870fbb0 elementor-widget elementor-widget-text-editor\" data-id=\"870fbb0\" data-element_type=\"widget\" data-widget_type=\"text-editor.default\">\n\t\t\t\t<div class=\"elementor-widget-container\">\n\t\t\t\t\t\t\t\t\t<p>Una vez que haga clic en el bot\u00f3n \"Cancelar\" en la p\u00e1gina de suscripci\u00f3n individual. Aparecer\u00e1 el mensaje de confirmaci\u00f3n \"Su suscripci\u00f3n ha sido cancelada\".<\/p><p>Su facturaci\u00f3n mensual se detendr\u00e1 inmediatamente, y conservar\u00e1 el acceso a su cuenta y al panel de control hasta el final de su ciclo de facturaci\u00f3n actual.\u00a0<\/p><p>Si cambia de opini\u00f3n, tambi\u00e9n puede \"Reactivar\" su suscripci\u00f3n en la p\u00e1gina de suscripci\u00f3n individual en cualquier momento.\u00a0<\/p>\t\t\t\t\t\t\t\t<\/div>\n\t\t\t\t<\/div>\n\t\t\t\t<div class=\"elementor-element elementor-element-432ae10 elementor-widget elementor-widget-image\" data-id=\"432ae10\" data-element_type=\"widget\" data-widget_type=\"image.default\">\n\t\t\t\t<div class=\"elementor-widget-container\">\n\t\t\t\t\t\t\t\t\t\t\t\t\t\t\t<img decoding=\"async\" width=\"800\" height=\"301\" src=\"https:\/\/magabit.net\/wp-content\/uploads\/2025\/04\/cancel-confirmation-1024x385.png\" class=\"attachment-large size-large wp-image-389\" alt=\"\" srcset=\"https:\/\/magabit.net\/wp-content\/uploads\/2025\/04\/cancel-confirmation-1024x385.png 1024w, https:\/\/magabit.net\/wp-content\/uploads\/2025\/04\/cancel-confirmation-300x113.png 300w, https:\/\/magabit.net\/wp-content\/uploads\/2025\/04\/cancel-confirmation-768x289.png 768w, https:\/\/magabit.net\/wp-content\/uploads\/2025\/04\/cancel-confirmation-1536x578.png 1536w, https:\/\/magabit.net\/wp-content\/uploads\/2025\/04\/cancel-confirmation-2048x770.png 2048w, https:\/\/magabit.net\/wp-content\/uploads\/2025\/04\/cancel-confirmation-18x7.png 18w, https:\/\/magabit.net\/wp-content\/uploads\/2025\/04\/cancel-confirmation-1320x496.png 1320w, https:\/\/magabit.net\/wp-content\/uploads\/2025\/04\/cancel-confirmation-600x226.png 600w\" sizes=\"(max-width: 800px) 100vw, 800px\" \/>\t\t\t\t\t\t\t\t\t\t\t\t\t\t\t<\/div>\n\t\t\t\t<\/div>\n\t\t\t\t<\/div>\n\t\t\t\t<\/div>\n\t\t\t\t<div class=\"elementor-element elementor-element-f587706 elementor-widget elementor-widget-text-editor\" data-id=\"f587706\" data-element_type=\"widget\" data-widget_type=\"text-editor.default\">\n\t\t\t\t<div class=\"elementor-widget-container\">\n\t\t\t\t\t\t\t\t\t<p class=\"p3\"><span style=\"text-align: var(--text-align); background-color: var( --e-global-color-primary ); color: var( --e-global-color-text ); font-family: var( --e-global-typography-text-font-family ), Sans-serif; font-size: var( --e-global-typography-text-font-size ); font-weight: var( --e-global-typography-text-font-weight ); text-transform: var( --e-global-typography-text-text-transform );\">\u00bfTiene preguntas o necesita ayuda? P\u00f3ngase en contacto con nosotros en Support@MAGABit.US<\/span><\/p>\t\t\t\t\t\t\t\t<\/div>\n\t\t\t\t<\/div>\n\t\t\t\t\t<\/div>\n\t\t\t\t<\/div>\n\t\t\t\t<\/div>","protected":false},"excerpt":{"rendered":"<p>Puedes cancelar tu suscripci\u00f3n a MAGAbit en cualquier momento, sin contratos ni penalizaciones. Cuando se d\u00e9 de baja, su facturaci\u00f3n mensual se detendr\u00e1 inmediatamente, y conservar\u00e1 el acceso a su cuenta y al panel de control hasta el final de su ciclo de facturaci\u00f3n actual.  Despu\u00e9s, su cuenta pasar\u00e1 a estado inactivo y ya no podr\u00e1 [...]<\/p>","protected":false},"author":1,"featured_media":0,"parent":0,"menu_order":0,"comment_status":"closed","ping_status":"closed","template":"","meta":{"_acf_changed":false,"footnotes":""},"class_list":["post-387","page","type-page","status-publish","hentry"],"acf":[],"_links":{"self":[{"href":"https:\/\/magabit.net\/es\/wp-json\/wp\/v2\/pages\/387","targetHints":{"allow":["GET"]}}],"collection":[{"href":"https:\/\/magabit.net\/es\/wp-json\/wp\/v2\/pages"}],"about":[{"href":"https:\/\/magabit.net\/es\/wp-json\/wp\/v2\/types\/page"}],"author":[{"embeddable":true,"href":"https:\/\/magabit.net\/es\/wp-json\/wp\/v2\/users\/1"}],"replies":[{"embeddable":true,"href":"https:\/\/magabit.net\/es\/wp-json\/wp\/v2\/comments?post=387"}],"version-history":[{"count":3,"href":"https:\/\/magabit.net\/es\/wp-json\/wp\/v2\/pages\/387\/revisions"}],"predecessor-version":[{"id":4172,"href":"https:\/\/magabit.net\/es\/wp-json\/wp\/v2\/pages\/387\/revisions\/4172"}],"wp:attachment":[{"href":"https:\/\/magabit.net\/es\/wp-json\/wp\/v2\/media?parent=387"}],"curies":[{"name":"wp","href":"https:\/\/api.w.org\/{rel}","templated":true}]}}