


{"id":1652,"date":"2025-05-31T19:59:16","date_gmt":"2025-05-31T19:59:16","guid":{"rendered":"https:\/\/magabit.net\/?post_type=product&#038;p=1652"},"modified":"2026-03-01T10:40:44","modified_gmt":"2026-03-01T15:40:44","slug":"magabit-membership-plan","status":"publish","type":"product","link":"https:\/\/magabit.net\/es\/producto\/magabit-membership-plan\/","title":{"rendered":"Afiliaci\u00f3n a MAGAbit"},"content":{"rendered":"","protected":false},"excerpt":{"rendered":"<p>Convertirse en un miembro de MAGAbit significa entrar en el papel de un propietario independiente de Bitcoin, con acceso real a la miner\u00eda de Bitcoin con sede en EE.UU., recompensas directas de BTC y una plataforma dise\u00f1ada para poner la propiedad y la oportunidad de nuevo en sus manos.<\/p>\n<p>Su membres\u00eda incluye acceso completo a nuestro sistema de recompensas de miner\u00eda, elegibilidad para pagos diarios y basados en el rendimiento de Bitcoin, y las herramientas para construir y hacer crecer su propio potencial de ganancias BTC.<\/p>\n<p>Con una activaci\u00f3n \u00fanica y una cuota de mantenimiento mensual fija, no s\u00f3lo participar\u00e1, sino que ser\u00e1 propietario de su parte del futuro de Bitcoin.<\/p>","protected":false},"featured_media":1174,"comment_status":"closed","ping_status":"closed","template":"","meta":{"_acf_changed":false},"product_brand":[],"product_cat":[23],"product_tag":[],"class_list":{"0":"post-1652","1":"product","2":"type-product","3":"status-publish","4":"has-post-thumbnail","6":"product_cat-membership","8":"first","9":"instock","10":"sold-individually","11":"shipping-taxable","12":"purchasable","13":"product-type-variable-subscription","14":"has-default-attributes"},"acf":[],"_links":{"self":[{"href":"https:\/\/magabit.net\/es\/wp-json\/wp\/v2\/product\/1652","targetHints":{"allow":["GET"]}}],"collection":[{"href":"https:\/\/magabit.net\/es\/wp-json\/wp\/v2\/product"}],"about":[{"href":"https:\/\/magabit.net\/es\/wp-json\/wp\/v2\/types\/product"}],"replies":[{"embeddable":true,"href":"https:\/\/magabit.net\/es\/wp-json\/wp\/v2\/comments?post=1652"}],"wp:featuredmedia":[{"embeddable":true,"href":"https:\/\/magabit.net\/es\/wp-json\/wp\/v2\/media\/1174"}],"wp:attachment":[{"href":"https:\/\/magabit.net\/es\/wp-json\/wp\/v2\/media?parent=1652"}],"wp:term":[{"taxonomy":"product_brand","embeddable":true,"href":"https:\/\/magabit.net\/es\/wp-json\/wp\/v2\/product_brand?post=1652"},{"taxonomy":"product_cat","embeddable":true,"href":"https:\/\/magabit.net\/es\/wp-json\/wp\/v2\/product_cat?post=1652"},{"taxonomy":"product_tag","embeddable":true,"href":"https:\/\/magabit.net\/es\/wp-json\/wp\/v2\/product_tag?post=1652"}],"curies":[{"name":"wp","href":"https:\/\/api.w.org\/{rel}","templated":true}]}}