


{"id":11,"date":"2025-04-08T00:40:33","date_gmt":"2025-04-08T00:40:33","guid":{"rendered":"https:\/\/magabit.net\/?page_id=11"},"modified":"2025-04-08T01:44:18","modified_gmt":"2025-04-08T01:44:18","slug":"refund-billing-policy","status":"publish","type":"page","link":"https:\/\/magabit.net\/fr\/refund-billing-policy\/","title":{"rendered":"Politique de remboursement et de facturation"},"content":{"rendered":"<div data-elementor-type=\"wp-page\" data-elementor-id=\"11\" class=\"elementor elementor-11\" data-elementor-post-type=\"page\">\n\t\t\t\t<div class=\"elementor-element elementor-element-3aaf7a15 e-flex e-con-boxed e-con e-parent\" data-id=\"3aaf7a15\" data-element_type=\"container\">\n\t\t\t\t\t<div class=\"e-con-inner\">\n\t\t\t\t<div class=\"elementor-element elementor-element-134fa730 elementor-widget elementor-widget-text-editor\" data-id=\"134fa730\" data-element_type=\"widget\" data-widget_type=\"text-editor.default\">\n\t\t\t\t<div class=\"elementor-widget-container\">\n\t\t\t\t\t\t\t\t\t<p class=\"p1\"><b>Date d'entr\u00e9e en vigueur :<\/b><span class=\"s1\">\u00a02 avril 2024<\/span><\/p>\n<p class=\"p2\"><span class=\"s2\"><b>Derni\u00e8re mise \u00e0 jour :<\/b><\/span>\u00a02 avril 2024<\/p>\n<p class=\"p3\"><b>MAGAbit est une plateforme de services num\u00e9riques <\/b>qui donne acc\u00e8s \u00e0 des r\u00e9compenses mini\u00e8res en bitcoins, \u00e0 du mat\u00e9riel \u00e9ducatif et \u00e0 des structures de primes bas\u00e9es sur la performance. Nos produits sont non physiques, accessibles et livr\u00e9s instantan\u00e9ment apr\u00e8s paiement.\u00a0<span style=\"text-align: var(--text-align); background-color: var( --e-global-color-primary ); color: var( --e-global-color-text ); font-family: var( --e-global-typography-text-font-family ), Sans-serif; font-size: var( --e-global-typography-text-font-size ); font-weight: var( --e-global-typography-text-font-weight ); text-transform: var( --e-global-typography-text-text-transform );\">Les paragraphes suivants d\u00e9crivent nos politiques de remboursement et de facturation, dans un souci de clart\u00e9 et de conformit\u00e9 avec les normes de traitement des paiements.<\/span><\/p>\n<hr \/>\n<h4><b><br \/>1. Pas de produits ou de garanties d'investissement<\/b><\/h4>\n<p class=\"p3\">MAGAbit ne propose pas de produits financiers, d'opportunit\u00e9s d'investissement ou de garanties de gains. Les gains sont bas\u00e9s sur la participation et la performance au sein de notre syst\u00e8me de r\u00e9compenses et ne sont pas garantis.<br \/><br \/><\/p>\n<hr \/>\n<h4><b><br \/>2. Frais d'inscription<\/b><\/h4>\n<ul>\n<li>\n<p class=\"p1\"><span class=\"s1\"><b>Frais :<\/b><\/span> $399 (en une seule fois)<\/p>\n<\/li>\n<li>\n<p class=\"p1\"><span class=\"s1\"><b>Politique de remboursement :<\/b><\/span> Non remboursable une fois l'acc\u00e8s \u00e0 la plateforme accord\u00e9.<\/p>\n<\/li>\n<li>\n<p class=\"p1\"><span class=\"s1\"><b>Livraison :<\/b><\/span> L'acc\u00e8s num\u00e9rique est fourni imm\u00e9diatement apr\u00e8s le paiement.<br \/><br \/><\/p>\n<\/li>\n<\/ul>\n<hr \/>\n<h4><b><br \/>3. Cotisation mensuelle<\/b><\/h4>\n<ul>\n<li>\n<p class=\"p1\"><span class=\"s1\"><b>Frais :<\/b><\/span> $47\/mois<\/p>\n<\/li>\n<li>\n<p class=\"p1\"><span class=\"s1\"><b>Politique de remboursement :<\/b><\/span> Non remboursable apr\u00e8s le d\u00e9but du cycle de facturation.<\/p>\n<\/li>\n<li>\n<p class=\"p1\"><span class=\"s1\"><b>Annulation :<\/b><\/span> Les membres peuvent annuler la facturation future \u00e0 tout moment via leur tableau de bord. Pas de contrat \u00e0 long terme.<br \/><br \/><\/p>\n<\/li>\n<\/ul>\n<hr \/>\n<h4><b><br \/>4. Produit Patriot<\/b><\/h4>\n<ul>\n<li>\n<p class=\"p1\"><span class=\"s1\"><b>Frais :<\/b><\/span> $1,000 (en option)<\/p>\n<\/li>\n<li>\n<p class=\"p1\"><span class=\"s1\"><b>Politique de remboursement :<\/b><\/span> Non remboursable. Les avantages imm\u00e9diats comprennent l'attribution d'une part de la prime mensuelle.<\/p>\n<\/li>\n<li>\n<p class=\"p1\"><span class=\"s1\"><b>Remarque :<\/b><\/span> Il ne s'agit pas d'un investissement ou d'un actif - les r\u00e9compenses sont bas\u00e9es sur la participation globale au programme.<br \/><br \/><\/p>\n<\/li>\n<\/ul>\n<hr \/>\n<h4><b><br \/>5. Litiges et r\u00e9trocessions<\/b><\/h4>\n<p class=\"p3\">Si vous pensez avoir \u00e9t\u00e9 factur\u00e9 par erreur, veuillez d'abord contacter le service d'assistance de MAGAbit.\u00a0<\/p>\n<p class=\"p3\">Le fait d'initier une r\u00e9trofacturation peut entra\u00eener la suspension du compte et la perte des r\u00e9compenses.\u00a0<\/p>\n<p class=\"p3\">Nous nous effor\u00e7ons de r\u00e9soudre tous les probl\u00e8mes de facturation rapidement et \u00e9quitablement.<\/p>\n<hr \/>\n<h4><b><br \/>6. Traitement des exceptions<\/b><\/h4>\n<p class=\"p3\">Des remboursements peuvent \u00eatre accord\u00e9s dans de rares cas :<\/p>\n<ul>\n<li>\n<p class=\"p1\">Transactions en double<\/p>\n<\/li>\n<li>\n<p class=\"p1\">V\u00e9rification des erreurs techniques<\/p>\n<\/li>\n<\/ul>\n<p class=\"p3\">Les demandes doivent \u00eatre soumises dans un d\u00e9lai de <span class=\"s3\"><b>7 jours<\/b><\/span> de la transaction.<\/p>\n<hr \/>\n<h4><b><br \/>7. Accus\u00e9 de r\u00e9ception de l'utilisateur<\/b><\/h4>\n<p class=\"p3\">Tous les utilisateurs doivent accepter cette politique de remboursement au moment de l'achat en cochant une case obligatoire avant de soumettre le paiement. Il s'agit d'une reconnaissance l\u00e9gale de nos conditions et d'une conformit\u00e9 avec les organismes de paiement.<\/p>\n<hr \/>\n<p class=\"p1\"><b><br \/>Besoin d'aide ?<\/b><\/p>\n<p class=\"p3\">Contact : SUPPORT@mAGAbit.uS<\/p>\n<p><!-- \/wp:paragraph --><\/p>\t\t\t\t\t\t\t\t<\/div>\n\t\t\t\t<\/div>\n\t\t\t\t\t<\/div>\n\t\t\t\t<\/div>\n\t\t\t\t<\/div>","protected":false},"excerpt":{"rendered":"<p>Date d'entr\u00e9e en vigueur : 2 avril 2024 Derni\u00e8re mise \u00e0 jour : 2 avril 2024 MAGAbit est une plateforme de services num\u00e9riques qui permet d'acc\u00e9der \u00e0 des r\u00e9compenses mini\u00e8res en bitcoins, \u00e0 du mat\u00e9riel \u00e9ducatif et \u00e0 des structures de primes bas\u00e9es sur les performances. Nos produits sont non physiques, bas\u00e9s sur l'acc\u00e8s et livr\u00e9s instantan\u00e9ment apr\u00e8s le paiement. Les paragraphes suivants d\u00e9crivent nos politiques de remboursement et de facturation, dans un souci de clart\u00e9 et de conformit\u00e9 avec les normes de traitement des paiements. 1. [...]<\/p>","protected":false},"author":1,"featured_media":0,"parent":0,"menu_order":0,"comment_status":"closed","ping_status":"closed","template":"","meta":{"_acf_changed":false,"footnotes":""},"class_list":["post-11","page","type-page","status-publish","hentry"],"acf":[],"_links":{"self":[{"href":"https:\/\/magabit.net\/fr\/wp-json\/wp\/v2\/pages\/11","targetHints":{"allow":["GET"]}}],"collection":[{"href":"https:\/\/magabit.net\/fr\/wp-json\/wp\/v2\/pages"}],"about":[{"href":"https:\/\/magabit.net\/fr\/wp-json\/wp\/v2\/types\/page"}],"author":[{"embeddable":true,"href":"https:\/\/magabit.net\/fr\/wp-json\/wp\/v2\/users\/1"}],"replies":[{"embeddable":true,"href":"https:\/\/magabit.net\/fr\/wp-json\/wp\/v2\/comments?post=11"}],"version-history":[{"count":0,"href":"https:\/\/magabit.net\/fr\/wp-json\/wp\/v2\/pages\/11\/revisions"}],"wp:attachment":[{"href":"https:\/\/magabit.net\/fr\/wp-json\/wp\/v2\/media?parent=11"}],"curies":[{"name":"wp","href":"https:\/\/api.w.org\/{rel}","templated":true}]}}