


{"id":1119,"date":"2025-05-16T23:09:51","date_gmt":"2025-05-16T23:09:51","guid":{"rendered":"https:\/\/magabit.net\/?page_id=1119"},"modified":"2025-05-16T23:52:46","modified_gmt":"2025-05-16T23:52:46","slug":"patriot-pool-terms-conditions","status":"publish","type":"page","link":"https:\/\/magabit.net\/fr\/patriot-pool-terms-conditions\/","title":{"rendered":"Conditions g\u00e9n\u00e9rales de Patriot Pool"},"content":{"rendered":"<div data-elementor-type=\"wp-page\" data-elementor-id=\"1119\" class=\"elementor elementor-1119\" data-elementor-post-type=\"page\">\n\t\t\t\t<div class=\"elementor-element elementor-element-3aaf7a15 e-flex e-con-boxed e-con e-parent\" data-id=\"3aaf7a15\" data-element_type=\"container\">\n\t\t\t\t\t<div class=\"e-con-inner\">\n\t\t\t\t<div class=\"elementor-element elementor-element-134fa730 elementor-widget elementor-widget-text-editor\" data-id=\"134fa730\" data-element_type=\"widget\" data-widget_type=\"text-editor.default\">\n\t\t\t\t<div class=\"elementor-widget-container\">\n\t\t\t\t\t\t\t\t\t<p class=\"p1\"><b>Date d'entr\u00e9e en vigueur :<\/b><span class=\"s1\"> 2 avril 2025<\/span><\/p>\n<p class=\"p2\"><span class=\"s2\"><b>Derni\u00e8re mise \u00e0 jour :<\/b><\/span>&nbsp;16 mai 2025<\/p>\n<p>Les pr\u00e9sentes conditions g\u00e9n\u00e9rales du pool Patriot (\" conditions g\u00e9n\u00e9rales Patriot \") r\u00e9gissent votre participation au pool de primes de fid\u00e9lit\u00e9 Patriot (le \" pool \"), un \u00e9l\u00e9ment de r\u00e9compense facultatif de la plateforme MAGAbit. En achetant le produit Patriot ou en acceptant des parts dans le pool, vous acceptez d'\u00eatre li\u00e9 par ces conditions en plus des conditions g\u00e9n\u00e9rales de MAGAbit.<\/p>\n<hr>\n<h4><b><br><\/b><strong>1. nature de la piscine<\/strong><\/h4>\n<p>La r\u00e9serve de primes de fid\u00e9lit\u00e9 des patriotes est un programme d'incitation sans investissement, bas\u00e9 sur les performances. Il est con\u00e7u pour r\u00e9compenser les participants MAGAbit qualifi\u00e9s en fonction de leur activit\u00e9 et de leur engagement. La r\u00e9serve n'est pas un produit financier, un v\u00e9hicule d'investissement ou un m\u00e9canisme de partage des revenus.<\/p>\n<hr>\n<h4><b><br>2. L'\u00e9ligibilit\u00e9<\/b><\/h4>\n<p><span style=\"font-weight: 400;\">Participer \u00e0 la mise en commun :<\/span><\/p>\n<ul>\n<li style=\"font-weight: 400;\" aria-level=\"1\"><span style=\"font-weight: 400;\"><span style=\"font-weight: 400;\">Vous devez \u00eatre un membre actif de MAGAbit en r\u00e8gle.<\/span><\/span>\n<p><\/p>\n<\/li>\n<li style=\"font-weight: 400;\" aria-level=\"1\"><span style=\"font-weight: 400;\">Vous devez acheter un <\/span><b>Produit Patriot<\/b><span style=\"font-weight: 400;\"><span style=\"font-weight: 400;\"> au taux en vigueur (par exemple, $1 000 USD).<\/span><\/span>\n<p><\/p>\n<\/li>\n<li style=\"font-weight: 400;\" aria-level=\"1\"><span style=\"font-weight: 400;\">Chaque produit Patriot octroie <\/span><b>2 actions<\/b><span style=\"font-weight: 400;\"><span style=\"font-weight: 400;\"> dans la r\u00e9serve de primes mensuelles.<\/span><\/span>\n<p><\/p>\n<\/li>\n<li style=\"font-weight: 400;\" aria-level=\"1\"><span style=\"font-weight: 400;\">Vous gagnez <\/span><b>1 action suppl\u00e9mentaire<\/b><span style=\"font-weight: 400;\"> pour chaque filleul direct qui ach\u00e8te \u00e9galement un produit Patriot et qui reste actif.<\/span><\/li>\n<\/ul>\n<p>Il y a <b style=\"font-family: -apple-system, BlinkMacSystemFont, 'Segoe UI', Roboto, 'Helvetica Neue', Arial, 'Noto Sans', sans-serif, 'Apple Color Emoji', 'Segoe UI Emoji', 'Segoe UI Symbol', 'Noto Color Emoji';\">pas de capuchon<\/b><span style=\"font-weight: 400;\"> sur le nombre de produits Patriot que vous pouvez acheter. Chaque produit \u00e9ligible contribue \u00e0 votre nombre de parts dans le pool pour le mois en question.<\/span><\/p>\n<hr>\n<h4><b><br>3. Financement et r\u00e9partition de la r\u00e9serve<\/b><\/h4>\n<p><span style=\"font-weight: 400;\">Le Patriot Pool est financ\u00e9 par les r\u00e9serves op\u00e9rationnelles de MAGAbit, qui peuvent comprendre<\/span><\/p>\n<ul>\n<li style=\"font-weight: 400;\" aria-level=\"1\"><span style=\"font-weight: 400;\"><span style=\"font-weight: 400;\">Primes promotionnelles non attribu\u00e9es ou expir\u00e9es<\/span><\/span>\n<p><\/p>\n<\/li>\n<li style=\"font-weight: 400;\" aria-level=\"1\"><span style=\"font-weight: 400;\"><span style=\"font-weight: 400;\">Fonds de r\u00e9serve marketing<\/span><\/span>\n<p><\/p>\n<\/li>\n<li style=\"font-weight: 400;\" aria-level=\"1\"><span style=\"font-weight: 400;\"><span style=\"font-weight: 400;\">Cr\u00e9dits exc\u00e9dentaires de la plate-forme<\/span><\/span>\n<p><\/p>\n<\/li>\n<li style=\"font-weight: 400;\" aria-level=\"1\"><span style=\"font-weight: 400;\">Autres exc\u00e9dents op\u00e9rationnels non affect\u00e9s<\/span><\/li>\n<\/ul>\n<p>\u00c0 la fin de chaque mois civil, la somme totale est divis\u00e9e par le nombre total d'actions \u00e9ligibles et les r\u00e9compenses sont distribu\u00e9es en cons\u00e9quence. Tous les paiements sont effectu\u00e9s en bitcoins ou en monnaie fiduciaire, \u00e0 la discr\u00e9tion de MAGAbit et par le biais du mode de paiement indiqu\u00e9 dans le dossier.<\/p>\n<p><span style=\"font-weight: 400;\">MAGAbit <\/span><b>ne garantit pas<\/b><span style=\"font-weight: 400;\"> la taille, la coh\u00e9rence ou l'existence de la r\u00e9serve au cours d'un mois donn\u00e9.<\/span><\/p>\n<hr>\n<h4><b><br>4. Informations sur les non-investissements<\/b><\/h4>\n<p>La participation au Patriot Pool ne vous donne pas droit \u00e0 une participation au capital, \u00e0 la propri\u00e9t\u00e9 ou \u00e0 l'int\u00e9ressement \u00e0 MAGAbit ou \u00e0 ses soci\u00e9t\u00e9s affili\u00e9es. La cagnotte n'est pas un compte r\u00e9mun\u00e9r\u00e9, un titre ou un rendement financier.<\/p>\n<p>Toutes les contributions et tous les achats sont d\u00e9finitifs et repr\u00e9sentent l'acc\u00e8s aux privil\u00e8ges de la plateforme, et non des investissements ou des d\u00e9p\u00f4ts de capitaux.<\/p>\n<hr>\n<h4><b><br>5. Pas de garanties<\/b><\/h4>\n<p>Le montant et la disponibilit\u00e9 de toute distribution mensuelle de bonus sont enti\u00e8rement \u00e0 la discr\u00e9tion de MAGAbit. MAGAbit se r\u00e9serve le droit d'ajuster, de suspendre ou de mettre fin au programme de pool \u00e0 tout moment, avec ou sans pr\u00e9avis.<\/p>\n<ul>\n<li style=\"list-style-type: none;\">&nbsp;<\/li>\n<\/ul>\n<hr>\n<h4><b><br>6. Disqualification et d\u00e9ch\u00e9ance<\/b><\/h4>\n<p><span style=\"font-weight: 400;\">MAGAbit se r\u00e9serve le droit de r\u00e9voquer l'\u00e9ligibilit\u00e9 au pool et les parts si un participant :<\/span><\/p>\n<ul>\n<li style=\"font-weight: 400;\" aria-level=\"1\"><span style=\"font-weight: 400;\"><span style=\"font-weight: 400;\">Ne maintient pas une adh\u00e9sion active<\/span><\/span>\n<p><\/p>\n<\/li>\n<li style=\"font-weight: 400;\" aria-level=\"1\"><span style=\"font-weight: 400;\"><span style=\"font-weight: 400;\">se livre \u00e0 des r\u00e9trocessions, \u00e0 des fraudes ou \u00e0 des abus de syst\u00e8me<\/span><\/span>\n<p><\/p>\n<\/li>\n<li style=\"font-weight: 400;\" aria-level=\"1\"><span style=\"font-weight: 400;\"><span style=\"font-weight: 400;\">enfreint les conditions g\u00e9n\u00e9rales ou le plan de r\u00e9mun\u00e9ration de MAGAbit<\/span><\/span>\n<p><\/p>\n<\/li>\n<li style=\"font-weight: 400;\" aria-level=\"1\"><span style=\"font-weight: 400;\">Fausse repr\u00e9sentation de la nature de la piscine \u00e0 d'autres personnes<\/span><\/li>\n<\/ul>\n<p>Les actions confisqu\u00e9es sont retir\u00e9es du d\u00e9compte des actions pour le mois concern\u00e9.<\/p>\n<hr>\n<h4><b><br>7. Imp\u00f4ts et taxes<\/b><\/h4>\n<p>Toute prime ou distribution re\u00e7ue du Fonds peut \u00eatre soumise \u00e0 des obligations fiscales. Vous \u00eates seul responsable du respect des lois fiscales en vigueur dans votre juridiction.<\/p>\n<hr>\n<h4><b><br>8. Modifications<\/b><\/h4>\n<p><span style=\"font-weight: 400;\">MAGAbit peut modifier \u00e0 tout moment les pr\u00e9sentes conditions patriotiques. Toutes les modifications seront publi\u00e9es en ligne et prendront effet imm\u00e9diatement apr\u00e8s leur publication. La poursuite de la participation constitue l'acceptation des conditions mises \u00e0 jour.<\/span><\/p>\n<hr>\n<h4><b>9. Nous contacter<\/b><\/h4>\n<p>Les questions relatives \u00e0 la prime de fid\u00e9lit\u00e9 Patriot peuvent \u00eatre adress\u00e9es \u00e0 l'adresse suivante<\/p>\n<p>SUPPORT@MAGAbit.US<\/p>\n<p><!-- \/wp:paragraph --><\/p>\t\t\t\t\t\t\t\t<\/div>\n\t\t\t\t<\/div>\n\t\t\t\t\t<\/div>\n\t\t\t\t<\/div>\n\t\t\t\t<\/div>","protected":false},"excerpt":{"rendered":"<p>Date d'entr\u00e9e en vigueur : 2 avril 2025 Derni\u00e8re mise \u00e0 jour : 16 mai 2025 Les pr\u00e9sentes conditions g\u00e9n\u00e9rales du pool Patriot (\" conditions g\u00e9n\u00e9rales Patriot \") r\u00e9gissent votre participation au pool de primes de fid\u00e9lit\u00e9 Patriot (le \" pool \"), un \u00e9l\u00e9ment de r\u00e9compense facultatif de la plateforme MAGAbit. En achetant le produit Patriot ou en acceptant des parts dans le pool, vous acceptez d'\u00eatre li\u00e9 par ces conditions [...]<\/p>","protected":false},"author":1,"featured_media":0,"parent":0,"menu_order":0,"comment_status":"closed","ping_status":"closed","template":"","meta":{"_acf_changed":false,"footnotes":""},"class_list":["post-1119","page","type-page","status-publish","hentry"],"acf":[],"_links":{"self":[{"href":"https:\/\/magabit.net\/fr\/wp-json\/wp\/v2\/pages\/1119","targetHints":{"allow":["GET"]}}],"collection":[{"href":"https:\/\/magabit.net\/fr\/wp-json\/wp\/v2\/pages"}],"about":[{"href":"https:\/\/magabit.net\/fr\/wp-json\/wp\/v2\/types\/page"}],"author":[{"embeddable":true,"href":"https:\/\/magabit.net\/fr\/wp-json\/wp\/v2\/users\/1"}],"replies":[{"embeddable":true,"href":"https:\/\/magabit.net\/fr\/wp-json\/wp\/v2\/comments?post=1119"}],"version-history":[{"count":0,"href":"https:\/\/magabit.net\/fr\/wp-json\/wp\/v2\/pages\/1119\/revisions"}],"wp:attachment":[{"href":"https:\/\/magabit.net\/fr\/wp-json\/wp\/v2\/media?parent=1119"}],"curies":[{"name":"wp","href":"https:\/\/api.w.org\/{rel}","templated":true}]}}