


{"id":1132,"date":"2025-05-16T23:27:16","date_gmt":"2025-05-16T23:27:16","guid":{"rendered":"https:\/\/magabit.net\/?page_id=1132"},"modified":"2025-05-16T23:34:35","modified_gmt":"2025-05-16T23:34:35","slug":"promoter-compliance-guide","status":"publish","type":"page","link":"https:\/\/magabit.net\/fr\/promoter-compliance-guide\/","title":{"rendered":"Guide de conformit\u00e9 du promoteur"},"content":{"rendered":"<div data-elementor-type=\"wp-page\" data-elementor-id=\"1132\" class=\"elementor elementor-1132\" data-elementor-post-type=\"page\">\n\t\t\t\t<div class=\"elementor-element elementor-element-3aaf7a15 e-flex e-con-boxed e-con e-parent\" data-id=\"3aaf7a15\" data-element_type=\"container\">\n\t\t\t\t\t<div class=\"e-con-inner\">\n\t\t\t\t<div class=\"elementor-element elementor-element-134fa730 elementor-widget elementor-widget-text-editor\" data-id=\"134fa730\" data-element_type=\"widget\" data-widget_type=\"text-editor.default\">\n\t\t\t\t<div class=\"elementor-widget-container\">\n\t\t\t\t\t\t\t\t\t<h4><strong>Objet du pr\u00e9sent guide<\/strong><\/h4><p>Pour les affili\u00e9s, les r\u00e9f\u00e9rents et les propri\u00e9taires ind\u00e9pendants de bitcoins<\/p><p class=\"p1\"><b>Date d'entr\u00e9e en vigueur :<\/b><span class=\"s1\"> 2 avril 2025<\/span><\/p><p class=\"p2\"><span class=\"s2\"><b>Derni\u00e8re mise \u00e0 jour :<\/b><\/span>\u00a016 mai 2025<\/p><p><span style=\"font-weight: 400;\">Ce guide a pour but d'aider les affili\u00e9s et les promoteurs de MAGAbit \u00e0 communiquer de mani\u00e8re claire, l\u00e9gale et responsable lorsqu'ils discutent de la plateforme MAGAbit. Le respect de ces directives prot\u00e8ge \u00e0 la fois MAGAbit et vous contre les risques juridiques, les all\u00e9gations publicitaires trompeuses ou les violations des r\u00e9glementations f\u00e9d\u00e9rales et nationales.<\/span><\/p><p><b>IMPORTANT :<\/b><span style=\"font-weight: 400;\"> Toute violation de ce guide peut entra\u00eener la suspension ou la r\u00e9siliation de votre compte MAGAbit et la perte de vos r\u00e9compenses.<\/span><\/p><hr \/><h4><b><br \/><\/b><strong>1. NE PAS faire de d\u00e9clarations de revenus<\/strong><\/h4><ul><li style=\"font-weight: 400;\" aria-level=\"1\"><b>\u00c9vitez les d\u00e9clarations du type<\/b><ul><li style=\"font-weight: 400;\" aria-level=\"2\"><span style=\"font-weight: 400;\">\"Gagnez $1 000 par semaine avec MAGAbit\"<br \/><br \/><\/span><\/li><li style=\"font-weight: 400;\" aria-level=\"2\"><span style=\"font-weight: 400;\">\"Revenu passif garanti<br \/><br \/><\/span><\/li><li style=\"font-weight: 400;\" aria-level=\"2\"><span style=\"font-weight: 400;\">\"Doublez votre BTC tous les mois\"<br \/><br \/><\/span><\/li><li style=\"font-weight: 400;\" aria-level=\"2\"><span style=\"font-weight: 400;\">\"C'est votre ticket pour la libert\u00e9 financi\u00e8re<br \/><br \/><\/span><\/li><\/ul><\/li><li style=\"font-weight: 400;\" aria-level=\"1\"><b>Dites plut\u00f4t :<\/b><ul><li style=\"font-weight: 400;\" aria-level=\"2\"><span style=\"font-weight: 400;\">\"Les r\u00e9compenses sont bas\u00e9es sur l'activit\u00e9 personnelle et l'activit\u00e9 de l'\u00e9quipe.<br \/><br \/><\/span><\/li><li style=\"font-weight: 400;\" aria-level=\"2\"><span style=\"font-weight: 400;\">\"Vos r\u00e9sultats peuvent varier en fonction de vos efforts.<br \/><br \/><\/span><\/li><li style=\"font-weight: 400;\" aria-level=\"2\"><span style=\"font-weight: 400;\">\"Il s'agit d'un mod\u00e8le de participation bas\u00e9 sur la performance.<\/span><\/li><\/ul><\/li><\/ul><p><strong><br \/>Remarque :<\/strong> M\u00eame si une affirmation est vraie pour vous, elle ne peut \u00eatre utilis\u00e9e dans des promotions sans l'approbation \u00e9crite de MAGAbit.<\/p><hr \/><h4><b><br \/>2. NE PAS qualifier MAGAbit d'investissement<\/b><\/h4><ul><li style=\"font-weight: 400;\" aria-level=\"1\"><span style=\"font-weight: 400;\">MAGAbit est <\/span><b>pas<\/b><span style=\"font-weight: 400;\"> une plateforme d'investissement, un fonds sp\u00e9culatif ou un service de n\u00e9gociation.<br \/><br \/><\/span><\/li><li style=\"font-weight: 400;\" aria-level=\"1\"><span style=\"font-weight: 400;\">Ne le d\u00e9crivez jamais comme un endroit o\u00f9 l'on peut \"investir\" ou \"profiter des b\u00e9n\u00e9fices de l'exploitation mini\u00e8re\".<\/span><\/li><\/ul><p><span style=\"font-weight: 400;\"><br \/>Toujours d\u00e9crire MAGAbit comme un <b style=\"font-family: -apple-system, BlinkMacSystemFont, 'Segoe UI', Roboto, 'Helvetica Neue', Arial, 'Noto Sans', sans-serif, 'Apple Color Emoji', 'Segoe UI Emoji', 'Segoe UI Symbol', 'Noto Color Emoji';\">un syst\u00e8me de r\u00e9compenses bas\u00e9 sur les performances et reli\u00e9 \u00e0 l'infrastructure mini\u00e8re am\u00e9ricaine.<\/b><\/span><\/p><hr \/><h4><b><br \/>3. NE PAS mentionner Trump ni aucun soutien politique<\/b><\/h4><ul><li style=\"font-weight: 400;\" aria-level=\"1\"><span style=\"font-weight: 400;\">MAGAbit est <\/span><b>non approuv\u00e9<\/b><span style=\"font-weight: 400;\"> par Donald J. Trump, sa campagne ou toute autre organisation politique.<br \/><br \/><\/span><\/li><li style=\"font-weight: 400;\" aria-level=\"1\"><span style=\"font-weight: 400;\">\u00c9vitez d'utiliser des d\u00e9clarations politiques ou d'impliquer une affiliation \u00e0 des campagnes li\u00e9es \u00e0 MAGA.<\/span><\/li><\/ul><p><br \/>Les r\u00e9f\u00e9rences \u00e0 la marque sont uniquement th\u00e9matiques et doivent \u00eatre utilis\u00e9es avec respect et sans impliquer d'approbation.<\/p><hr \/><h4><b><br \/>4. Toujours utiliser des termes approuv\u00e9s<\/b><\/h4><ul><li style=\"font-weight: 400;\" aria-level=\"1\"><span style=\"font-weight: 400;\">Utilisation : \"R\u00e9serve de primes de fid\u00e9lit\u00e9 des patriotes\" (<\/span><span style=\"font-weight: 400;\">\u2705<\/span><span style=\"font-weight: 400;\">)<\/span><\/li><li style=\"font-weight: 400;\" aria-level=\"1\"><span style=\"font-weight: 400;\">A \u00e9viter : \"Partage des recettes\" ou \"Partage des b\u00e9n\u00e9fices\" (<\/span><span style=\"font-weight: 400;\">\u274c<\/span><span style=\"font-weight: 400;\">)<br \/><br \/><\/span><\/li><li style=\"font-weight: 400;\" aria-level=\"1\"><span style=\"font-weight: 400;\">Utilisation : \"R\u00e9compenses bas\u00e9es sur l'activit\u00e9\" (<\/span><span style=\"font-weight: 400;\">\u2705<\/span><\/li><li style=\"font-weight: 400;\" aria-level=\"1\">A \u00e9viter : \"Revenu garanti\" ou \"Retour sur investissement\" (<span style=\"font-weight: 400;\">\u274c<\/span><span style=\"font-weight: 400;\">)<br \/><br \/><\/span><\/li><\/ul><hr \/><h4><b><br \/>5. Respecter les r\u00e8gles de la plate-forme<\/b><\/h4><ul><li style=\"font-weight: 400;\" aria-level=\"1\"><span style=\"font-weight: 400;\">Ne pas modifier ou d\u00e9naturer le plan de r\u00e9mun\u00e9ration.<br \/><br \/><\/span><\/li><li style=\"font-weight: 400;\" aria-level=\"1\"><span style=\"font-weight: 400;\">N'offrez pas d'incitations en dehors de la structure officielle de MAGAbit.<br \/><br \/><\/span><\/li><li style=\"font-weight: 400;\" aria-level=\"1\"><span style=\"font-weight: 400;\">N'enregistrez pas de domaines ou de pages sociales avec \"MAGAbit\" ou \"MAGA\" sans autorisation \u00e9crite.<\/span><\/li><\/ul><ul><li style=\"list-style-type: none;\">\u00a0<\/li><\/ul><hr \/><h4><b><br \/>6. Clauses de non-responsabilit\u00e9 requises dans les promotions<\/b><\/h4><p>Tous les messages sur les m\u00e9dias sociaux, les pages de renvoi et les pr\u00e9sentations doivent inclure la clause de non-responsabilit\u00e9 suivante :<\/p><p>\"MAGAbit est une plateforme bas\u00e9e sur la performance. Les r\u00e9sultats varient et ne sont pas garantis. MAGAbit n'est pas un service d'investissement ou financier. Toutes les r\u00e9compenses sont bas\u00e9es sur la participation individuelle et le respect des conditions de MAGAbit.\"<\/p><hr \/><h4><b><br \/>7. Des questions ? Besoin d'\u00e9claircissements ?<\/b><\/h4><p><span style=\"font-weight: 400;\">Si vous n'\u00eates pas s\u00fbr de la conformit\u00e9 d'un message ou d'une annonce, posez toujours la question avant de l'envoyer.<\/span><\/p><p><strong>Contact :<\/strong> compliance@MAGAbit.us<\/p><p><!-- \/wp:paragraph --><\/p>\t\t\t\t\t\t\t\t<\/div>\n\t\t\t\t<\/div>\n\t\t\t\t\t<\/div>\n\t\t\t\t<\/div>\n\t\t\t\t<\/div>","protected":false},"excerpt":{"rendered":"<p>Objectif de ce guide Pour les affili\u00e9s, les r\u00e9f\u00e9rents et les propri\u00e9taires ind\u00e9pendants de bitcoins Date d'entr\u00e9e en vigueur : 2 avril 2025 Derni\u00e8re mise \u00e0 jour : 16 mai 2025 Ce guide a pour but d'aider les affili\u00e9s et les promoteurs de MAGAbit \u00e0 communiquer de mani\u00e8re claire, l\u00e9gale et responsable lorsqu'ils discutent de la plateforme MAGAbit. Le respect de ces directives prot\u00e8ge \u00e0 la fois MAGAbit et vous-m\u00eame contre les risques juridiques, les all\u00e9gations publicitaires trompeuses, [...]<\/p>","protected":false},"author":1,"featured_media":0,"parent":0,"menu_order":0,"comment_status":"closed","ping_status":"closed","template":"","meta":{"_acf_changed":false,"footnotes":""},"class_list":["post-1132","page","type-page","status-publish","hentry"],"acf":[],"_links":{"self":[{"href":"https:\/\/magabit.net\/fr\/wp-json\/wp\/v2\/pages\/1132","targetHints":{"allow":["GET"]}}],"collection":[{"href":"https:\/\/magabit.net\/fr\/wp-json\/wp\/v2\/pages"}],"about":[{"href":"https:\/\/magabit.net\/fr\/wp-json\/wp\/v2\/types\/page"}],"author":[{"embeddable":true,"href":"https:\/\/magabit.net\/fr\/wp-json\/wp\/v2\/users\/1"}],"replies":[{"embeddable":true,"href":"https:\/\/magabit.net\/fr\/wp-json\/wp\/v2\/comments?post=1132"}],"version-history":[{"count":0,"href":"https:\/\/magabit.net\/fr\/wp-json\/wp\/v2\/pages\/1132\/revisions"}],"wp:attachment":[{"href":"https:\/\/magabit.net\/fr\/wp-json\/wp\/v2\/media?parent=1132"}],"curies":[{"name":"wp","href":"https:\/\/api.w.org\/{rel}","templated":true}]}}