


{"id":1140,"date":"2025-05-16T23:41:45","date_gmt":"2025-05-16T23:41:45","guid":{"rendered":"https:\/\/magabit.net\/?page_id=1140"},"modified":"2025-08-14T12:46:23","modified_gmt":"2025-08-14T16:46:23","slug":"compensation-plan","status":"publish","type":"page","link":"https:\/\/magabit.net\/fr\/compensation-plan\/","title":{"rendered":"Plan d'indemnisation"},"content":{"rendered":"<div data-elementor-type=\"wp-page\" data-elementor-id=\"1140\" class=\"elementor elementor-1140\" data-elementor-post-type=\"page\">\n\t\t\t\t<div class=\"elementor-element elementor-element-3aaf7a15 e-flex e-con-boxed e-con e-parent\" data-id=\"3aaf7a15\" data-element_type=\"container\">\n\t\t\t\t\t<div class=\"e-con-inner\">\n\t\t\t\t<div class=\"elementor-element elementor-element-134fa730 elementor-widget elementor-widget-text-editor\" data-id=\"134fa730\" data-element_type=\"widget\" data-widget_type=\"text-editor.default\">\n\t\t\t\t<div class=\"elementor-widget-container\">\n\t\t\t\t\t\t\t\t\t<p class=\"p1\"><b>Date d'entr\u00e9e en vigueur :<\/b><span class=\"s1\"> 2 avril 2025<\/span><\/p>\n<p class=\"p2\"><span class=\"s2\"><b>Derni\u00e8re mise \u00e0 jour :<\/b><\/span>&nbsp;16 mai 2025<\/p>\n<h4>Vue d'ensemble<\/h4>\n<p><span style=\"font-weight: 400;\">MAGAbit est une plateforme de r\u00e9compenses en bitcoins bas\u00e9e sur la performance et connect\u00e9e \u00e0 une infrastructure mini\u00e8re bas\u00e9e aux \u00c9tats-Unis. Les membres, appel\u00e9s propri\u00e9taires ind\u00e9pendants de bitcoins, peuvent gagner des commissions en bitcoins (BTC) et\/ou en monnaie fiduciaire gr\u00e2ce \u00e0 leur activit\u00e9 au sein du syst\u00e8me d'adh\u00e9sion de MAGAbit. Ce plan d\u00e9crit la mani\u00e8re dont les r\u00e9compenses sont calcul\u00e9es et distribu\u00e9es.<\/span><\/p>\n<p><b>Avis de non-responsabilit\u00e9 :<\/b><span style=\"font-weight: 400;\"> MAGAbit n'est pas un prestataire de services financiers et ne propose pas d'investissements, de titres ou de participations aux b\u00e9n\u00e9fices. La participation n'est pas un investissement et les r\u00e9compenses ne sont pas garanties. Tous les bonus et commissions sont uniquement bas\u00e9s sur l'activit\u00e9 des utilisateurs et l'engagement sur la plateforme.<\/span><\/p>\n<hr>\n<h4><b><br><\/b><strong>1. Structure de l'adh\u00e9sion<\/strong><\/h4>\n<p><span style=\"font-weight: 400;\">Les participants doivent maintenir une adh\u00e9sion mensuelle active pour pouvoir b\u00e9n\u00e9ficier des r\u00e9compenses.<\/span><\/p>\n<ul>\n<li style=\"font-weight: 400;\" aria-level=\"1\"><b>Frais d'inscription uniques :<\/b><span style=\"font-weight: 400;\"> $399 (non remboursable une fois l'acc\u00e8s accord\u00e9)\n<p><\/p><\/span><\/li>\n<li style=\"font-weight: 400;\" aria-level=\"1\"><b>Frais d'adh\u00e9sion mensuels :<\/b><span style=\"font-weight: 400;\"> $47\/mois (factur\u00e9 mensuellement)\n<p><\/p><\/span><\/li>\n<li style=\"font-weight: 400;\" aria-level=\"1\"><b>Avantages pour les membres :<\/b>\n<ul>\n<li style=\"font-weight: 400;\" aria-level=\"2\"><span style=\"font-weight: 400;\">Acc\u00e8s aux outils et au tableau de bord de la plateforme<\/span><\/li>\n<li style=\"font-weight: 400;\" aria-level=\"2\"><span style=\"font-weight: 400;\">Participation \u00e0 des programmes de r\u00e9compenses<\/span><\/li>\n<li style=\"font-weight: 400;\" aria-level=\"2\"><span style=\"font-weight: 400;\">Possibilit\u00e9 de parrainer d'autres personnes et de gagner des primes\n<p><\/p><\/span><\/li>\n<\/ul>\n<\/li>\n<\/ul>\n<hr>\n<h4><b><br>2. Prime de d\u00e9marrage rapide<\/b><\/h4>\n<p><span style=\"font-weight: 400;\">Gagnez une commission directe lorsque vous recommandez un nouveau membre qui termine son inscription.<\/span><\/p>\n<ul>\n<li style=\"font-weight: 400;\" aria-level=\"1\"><b>Montant de la prime :<\/b><span style=\"font-weight: 400;\"> $100 USD par parrainage<\/span><\/li>\n<li style=\"font-weight: 400;\" aria-level=\"1\"><span style=\"font-weight: 400;\">Pay\u00e9 en fiat ou en BTC \u00e0 la discr\u00e9tion de MAGAbit<\/span><\/li>\n<li style=\"font-weight: 400;\" aria-level=\"1\"><span style=\"font-weight: 400;\">Le r\u00e9f\u00e9rent doit \u00eatre actif au moment de la recommandation.<\/span><\/li>\n<\/ul>\n<hr>\n<h4><b><br>3. Binary Volume Bonus<\/b><\/h4>\n<p><span style=\"font-weight: 400;\">MAGAbit utilise une structure d'\u00e9quipe binaire. Vous gagnez des bonus en fonction du volume de vos jambes gauche et droite.<\/span><\/p>\n<ul>\n<li style=\"font-weight: 400;\" aria-level=\"1\"><b>Calcul du bonus :<\/b>\n<ul>\n<li style=\"font-weight: 400;\" aria-level=\"2\"><span style=\"font-weight: 400;\">Volume correspondant aux deux jambes<\/span><\/li>\n<li style=\"font-weight: 400;\" aria-level=\"2\"><span style=\"font-weight: 400;\">Paiement en pourcentage du volume de la branche la plus faible\n<p><\/p><\/span><\/li>\n<\/ul>\n<\/li>\n<li style=\"font-weight: 400;\" aria-level=\"1\"><b>L'\u00e9ligibilit\u00e9 :<\/b>\n<ul>\n<li style=\"font-weight: 400;\" aria-level=\"2\"><span style=\"font-weight: 400;\">Doit maintenir une adh\u00e9sion active<\/span><\/li>\n<li style=\"font-weight: 400;\" aria-level=\"2\"><span style=\"font-weight: 400;\">Doit inscrire personnellement au moins un membre sur chaque jambe\n<p><\/p><\/span><\/li>\n<\/ul>\n<\/li>\n<\/ul>\n<hr>\n<h4><b><br>4. Prime de contrepartie<\/b><\/h4>\n<p><span style=\"font-weight: 400;\">Gagnez un pourcentage des Bonus Binaires gagn\u00e9s par vos filleuls directs.<\/span><\/p>\n<ul>\n<li style=\"font-weight: 400;\" aria-level=\"1\"><b>Niveaux bonus :<\/b>\n<ul>\n<li style=\"font-weight: 400;\" aria-level=\"2\"><span style=\"font-weight: 400;\">Niveau 1 (r\u00e9f\u00e9rences directes) : 10%<\/span><\/li>\n<li style=\"font-weight: 400;\" aria-level=\"2\"><span style=\"font-weight: 400;\">Niveau 2 (leurs r\u00e9f\u00e9rences) : 5%<\/span><\/li>\n<li style=\"font-weight: 400;\" aria-level=\"2\"><span style=\"font-weight: 400;\">Des niveaux suppl\u00e9mentaires peuvent \u00eatre d\u00e9bloqu\u00e9s en fonction de l'avancement dans le grade.<br><\/span><\/li>\n<\/ul>\n<\/li>\n<\/ul>\n<hr>\n<h4><b><br>5. R\u00e9serve de primes de fid\u00e9lit\u00e9 Patriot<\/b><\/h4>\n<p><span style=\"font-weight: 400;\">Une r\u00e9serve de primes facultatives financ\u00e9e par les r\u00e9serves op\u00e9rationnelles non allou\u00e9es et les budgets de promotion.<\/span><\/p>\n<ul>\n<li style=\"font-weight: 400;\" aria-level=\"1\"><b>Participation :<\/b>\n<ul>\n<li style=\"font-weight: 400;\" aria-level=\"2\"><span style=\"font-weight: 400;\">Achat du produit Patriot ($1.000) = 2 actions<\/span><\/li>\n<li style=\"font-weight: 400;\" aria-level=\"2\"><span style=\"font-weight: 400;\">Chaque parrain qualifi\u00e9 qui ach\u00e8te un produit Patriot = 1 action suppl\u00e9mentaire\n<p><\/p><\/span><\/li>\n<\/ul>\n<\/li>\n<li style=\"font-weight: 400;\" aria-level=\"1\"><b>Distribution :<\/b>\n<ul>\n<li style=\"font-weight: 400;\" aria-level=\"2\"><span style=\"font-weight: 400;\">La r\u00e9serve est distribu\u00e9e mensuellement sur la base du nombre d'actions.<\/span><\/li>\n<li style=\"font-weight: 400;\" aria-level=\"2\"><span style=\"font-weight: 400;\">Paiement en BTC ou en fiat \u00e0 la discr\u00e9tion de MAGAbit<\/span><\/li>\n<\/ul>\n<\/li>\n<\/ul>\n<p><b style=\"font-family: -apple-system, BlinkMacSystemFont, 'Segoe UI', Roboto, 'Helvetica Neue', Arial, 'Noto Sans', sans-serif, 'Apple Color Emoji', 'Segoe UI Emoji', 'Segoe UI Symbol', 'Noto Color Emoji';\"><br>Remarque :<\/b><span style=\"font-weight: 400;\"> Ce pool ne constitue pas un partage de revenus ou un retour sur investissement. La participation est facultative et n'est pas requise pour l'utilisation de la plate-forme.<\/span><\/p>\n<p><\/p>\n<hr>\n<h4><b><br>6. Avancement de grade<\/b><\/h4>\n<p><span style=\"font-weight: 400;\">Les membres peuvent progresser dans leur rang en fonction du volume de l'\u00e9quipe et des r\u00e9f\u00e9rences. Le rang peut d\u00e9bloquer des niveaux de bonus suppl\u00e9mentaires.<\/span><\/p>\n<ul>\n<li style=\"font-weight: 400;\" aria-level=\"1\"><b>Exemple de crit\u00e8res :<\/b>\n<ul>\n<li style=\"font-weight: 400;\" aria-level=\"2\"><span style=\"font-weight: 400;\">Seuils du volume de l'\u00e9quipe<\/span><\/li>\n<li style=\"font-weight: 400;\" aria-level=\"2\"><span style=\"font-weight: 400;\">Les recommandations personnelles comptent<\/span><\/li>\n<li style=\"font-weight: 400;\" aria-level=\"2\"><span style=\"font-weight: 400;\">Statut actif<\/span><\/li>\n<\/ul>\n<\/li>\n<\/ul>\n<hr>\n<h4><b><br>7. Conditions importantes<\/b><\/h4>\n<ul>\n<li style=\"font-weight: 400;\" aria-level=\"1\"><b>Responsabilit\u00e9 du portefeuille :<\/b><span style=\"font-weight: 400;\"> Vous devez fournir une adresse de portefeuille BTC pr\u00e9cise et tierce. MAGAbit ne conserve pas de crypto-monnaie.\n<p><\/p><\/span><\/li>\n<li style=\"font-weight: 400;\" aria-level=\"1\"><b>Statut actif requis :<\/b><span style=\"font-weight: 400;\"> Tous les bonus requi\u00e8rent une adh\u00e9sion active.\n<p><\/p><\/span><\/li>\n<li style=\"font-weight: 400;\" aria-level=\"1\"><b>Conformit\u00e9 :<\/b><span style=\"font-weight: 400;\"> Les participants doivent respecter les conditions, le code de conduite et les directives du plan de r\u00e9mun\u00e9ration de MAGAbit.<\/span><\/li>\n<\/ul>\n<p><\/p>\n<hr>\n<h4><b><br>8. Droits de modification<\/b><\/h4>\n<p>MAGAbit se r\u00e9serve le droit de mettre \u00e0 jour ou de modifier le pr\u00e9sent plan de r\u00e9mun\u00e9ration \u00e0 tout moment afin de garantir la conformit\u00e9 l\u00e9gale et l'int\u00e9grit\u00e9 de la plateforme. Les mises \u00e0 jour seront publi\u00e9es sur le site Web officiel.<\/p>\n<p><\/p>\n<hr>\n<h4><b><br>9. Besoin d'aide ?<\/b><\/h4>\n<p><span style=\"font-weight: 400;\">Pour des questions concernant votre r\u00e9mun\u00e9ration ou votre participation :<\/span><\/p>\n<p><b>Courriel :<\/b><span style=\"font-weight: 400;\"> support@MAGAbit.us<\/span><\/p>\n<p><\/p>\t\t\t\t\t\t\t\t<\/div>\n\t\t\t\t<\/div>\n\t\t\t\t\t<\/div>\n\t\t\t\t<\/div>\n\t\t\t\t<\/div>","protected":false},"excerpt":{"rendered":"<p>Date d'entr\u00e9e en vigueur : 2 avril 2025 Derni\u00e8re mise \u00e0 jour : 16 mai 2025 Vue d'ensemble MAGAbit est une plateforme de r\u00e9compenses en bitcoins bas\u00e9e sur la performance et connect\u00e9e \u00e0 une infrastructure mini\u00e8re bas\u00e9e aux \u00c9tats-Unis. Les membres, appel\u00e9s propri\u00e9taires ind\u00e9pendants de bitcoins, peuvent gagner des commissions en bitcoins (BTC) et\/ou en monnaie fiduciaire gr\u00e2ce \u00e0 leur activit\u00e9 au sein du syst\u00e8me d'adh\u00e9sion de MAGAbit. Ce plan d\u00e9crit la mani\u00e8re dont les r\u00e9compenses sont calcul\u00e9es et distribu\u00e9es. Clause de non-responsabilit\u00e9 : MAGAbit [...]<\/p>","protected":false},"author":1,"featured_media":0,"parent":0,"menu_order":0,"comment_status":"closed","ping_status":"closed","template":"","meta":{"_acf_changed":false,"footnotes":""},"class_list":["post-1140","page","type-page","status-publish","hentry"],"acf":[],"_links":{"self":[{"href":"https:\/\/magabit.net\/fr\/wp-json\/wp\/v2\/pages\/1140","targetHints":{"allow":["GET"]}}],"collection":[{"href":"https:\/\/magabit.net\/fr\/wp-json\/wp\/v2\/pages"}],"about":[{"href":"https:\/\/magabit.net\/fr\/wp-json\/wp\/v2\/types\/page"}],"author":[{"embeddable":true,"href":"https:\/\/magabit.net\/fr\/wp-json\/wp\/v2\/users\/1"}],"replies":[{"embeddable":true,"href":"https:\/\/magabit.net\/fr\/wp-json\/wp\/v2\/comments?post=1140"}],"version-history":[{"count":0,"href":"https:\/\/magabit.net\/fr\/wp-json\/wp\/v2\/pages\/1140\/revisions"}],"wp:attachment":[{"href":"https:\/\/magabit.net\/fr\/wp-json\/wp\/v2\/media?parent=1140"}],"curies":[{"name":"wp","href":"https:\/\/api.w.org\/{rel}","templated":true}]}}