


{"id":3,"date":"2025-04-04T15:29:34","date_gmt":"2025-04-04T15:29:34","guid":{"rendered":"http:\/\/magabit.net\/?page_id=3"},"modified":"2025-04-08T01:43:45","modified_gmt":"2025-04-08T01:43:45","slug":"privacy-policy","status":"publish","type":"page","link":"https:\/\/magabit.net\/fr\/privacy-policy\/","title":{"rendered":"Politique de confidentialit\u00e9"},"content":{"rendered":"<div data-elementor-type=\"wp-page\" data-elementor-id=\"3\" class=\"elementor elementor-3\" data-elementor-post-type=\"page\">\n\t\t\t\t<div class=\"elementor-element elementor-element-5f4175f9 e-flex e-con-boxed e-con e-parent\" data-id=\"5f4175f9\" data-element_type=\"container\">\n\t\t\t\t\t<div class=\"e-con-inner\">\n\t\t\t\t<div class=\"elementor-element elementor-element-44b5ebbe elementor-widget elementor-widget-text-editor\" data-id=\"44b5ebbe\" data-element_type=\"widget\" data-widget_type=\"text-editor.default\">\n\t\t\t\t<div class=\"elementor-widget-container\">\n\t\t\t\t\t\t\t\t\t<p><\/p>\n<p class=\"p1\"><b>Date d'entr\u00e9e en vigueur :<\/b><span class=\"s1\">&nbsp;2 avril 2024<\/span><\/p>\n<p class=\"p2\"><span class=\"s2\"><b>Derni\u00e8re mise \u00e0 jour :<\/b><\/span> 2 avril 2024<\/p>\n<p class=\"p2\">MAGAbit (\" nous \") respecte votre vie priv\u00e9e et s'engage \u00e0 prot\u00e9ger les informations personnelles que vous partagez avec nous. La pr\u00e9sente politique de confidentialit\u00e9 explique comment nous collectons, utilisons, stockons et prot\u00e9geons vos donn\u00e9es lorsque vous utilisez notre site web, notre plateforme et nos services.<br><br><\/p>\n<hr>\n<h4 class=\"wp-block-heading\"><b><br>1. Les informations que nous collectons<\/b><\/h4>\n<p class=\"p2\">Nous recueillons les types d'informations suivants :<\/p>\n<ul>\n<li>\n<p class=\"p1\"><span class=\"s1\"><b>Informations personnelles :<\/b><\/span> Nom, adresse \u00e9lectronique, adresse de facturation et num\u00e9ro de t\u00e9l\u00e9phone lors de l'inscription ou de l'achat.<\/p>\n<\/li>\n<li>\n<p class=\"p1\"><span class=\"s1\"><b>D\u00e9tails du compte :<\/b><\/span> Nom d'utilisateur, mot de passe (crypt\u00e9), adresse(s) du portefeuille et historique des transactions.<\/p>\n<\/li>\n<li>\n<p class=\"p1\"><span class=\"s1\"><b>Informations sur le paiement :<\/b><\/span> Les donn\u00e9es sont trait\u00e9es de mani\u00e8re s\u00e9curis\u00e9e par des fournisseurs tiers (par exemple, Stripe) ; nous ne conservons pas les num\u00e9ros de cartes de cr\u00e9dit ni les informations bancaires.<\/p>\n<\/li>\n<li>\n<p class=\"p1\"><span class=\"s1\"><b>Donn\u00e9es d'utilisation :<\/b><\/span> Adresse IP, type de navigateur, fuseau horaire et interactions avec la plateforme (collect\u00e9es via des cookies ou des outils d'analyse).<br><br><\/p>\n<\/li>\n<\/ul>\n<hr>\n<h4><b><br>2. Comment nous utilisons vos informations<\/b><\/h4>\n<p class=\"p2\">Nous utilisons vos informations pour :<\/p>\n<ul>\n<li>\n<p class=\"p1\">Cr\u00e9ez et g\u00e9rez votre compte MAGAbit<\/p>\n<\/li>\n<li>\n<p class=\"p1\">Traiter les transactions et fournir des produits ou des services<\/p>\n<\/li>\n<li>\n<p class=\"p1\">Communiquer les mises \u00e0 jour importantes, les commissions ou les changements de politique<\/p>\n<\/li>\n<li>\n<p class=\"p1\">Assurer la s\u00e9curit\u00e9 de la plateforme et d\u00e9tecter les fraudes<\/p>\n<\/li>\n<li>\n<p class=\"p1\">Respecter les obligations l\u00e9gales et r\u00e9glementaires<br><br><\/p>\n<\/li>\n<\/ul>\n<hr>\n<h4><b><br>3. Partage d'informations<\/b><\/h4>\n<p class=\"p2\">Nous le faisons <span class=\"s2\"><b>ne pas vendre ou louer vos donn\u00e9es personnelles<\/b><\/span>. Vos informations ne peuvent \u00eatre partag\u00e9es qu'avec<\/p>\n<ul>\n<li>\n<p class=\"p1\"><span class=\"s1\"><b>Processeurs de paiement<\/b><\/span> (par exemple, Stripe) pour effectuer des achats<\/p>\n<\/li>\n<li>\n<p class=\"p1\"><span class=\"s1\"><b>Partenaires de conformit\u00e9<\/b><\/span> pour v\u00e9rifier l'identit\u00e9 ou la l\u00e9gitimit\u00e9 de la transaction, si n\u00e9cessaire<\/p>\n<\/li>\n<li>\n<p class=\"p1\"><span class=\"s1\"><b>Application de la loi<\/b><\/span> ou des agences gouvernementales si la loi l'exige<br><br><\/p>\n<\/li>\n<\/ul>\n<hr>\n<h4><b><br>4. Informations sur le portefeuille cryptographique<\/b><\/h4>\n<p class=\"p2\">Bien que nous recueillions l'adresse de votre portefeuille cryptographique afin d'\u00e9mettre des paiements en BTC, nous ne le faisons pas. <span class=\"s2\"><b>ne pas avoir acc\u00e8s \u00e0 vos cl\u00e9s priv\u00e9es<\/b><\/span> ou la possibilit\u00e9 d'acc\u00e9der \u00e0 votre portefeuille. Vous \u00eates seul responsable de l'exactitude et de la s\u00e9curit\u00e9 de votre portefeuille.<br><br><\/p>\n<hr>\n<h4><b><br>5. Cookies et suivi<\/b><\/h4>\n<p class=\"p2\">Nous pouvons utiliser des cookies et des outils d'analyse tiers (par exemple, Google Analytics) pour suivre l'activit\u00e9 du site, am\u00e9liorer l'exp\u00e9rience de l'utilisateur et les performances. Vous pouvez d\u00e9sactiver les cookies dans les param\u00e8tres de votre navigateur, mais certaines fonctions risquent de ne pas fonctionner correctement.<br><br><\/p>\n<hr>\n<h4><b><br>6. Conservation des donn\u00e9es<\/b><\/h4>\n<p class=\"p2\">Nous conservons vos informations personnelles aussi longtemps que votre compte est actif ou que cela est n\u00e9cessaire pour se conformer \u00e0 des exigences l\u00e9gales, fiscales ou r\u00e9glementaires. Vous pouvez demander la suppression des donn\u00e9es conform\u00e9ment aux lois applicables.<br><br><\/p>\n<hr>\n<h4><b><br>7. Vos droits<\/b><\/h4>\n<p class=\"p2\">En fonction de votre juridiction, vous pouvez avoir le droit de.. :<\/p>\n<ul>\n<li>\n<p class=\"p1\">Acc\u00e9der aux donn\u00e9es personnelles que nous d\u00e9tenons \u00e0 votre sujet<\/p>\n<\/li>\n<li>\n<p class=\"p1\">Demander des corrections \u00e0 vos donn\u00e9es<\/p>\n<\/li>\n<li>\n<p class=\"p1\">Demander la suppression de vos donn\u00e9es<\/p>\n<\/li>\n<li>\n<p class=\"p1\">S'opposer \u00e0 la mani\u00e8re dont nous utilisons vos donn\u00e9es ou en restreindre l'usage<\/p>\n<\/li>\n<\/ul>\n<p class=\"p2\">Pour exercer ces droits, veuillez nous contacter \u00e0 l'adresse suivante : SUPPORT@MAGAbit.US<br><br><\/p>\n<hr>\n<h4><b><br>8. S\u00e9curit\u00e9 des donn\u00e9es<\/b><\/h4>\n<p class=\"p2\">Nous utilisons des garanties physiques, techniques et administratives commercialement raisonnables pour prot\u00e9ger vos informations contre l'acc\u00e8s, l'utilisation ou la divulgation non autoris\u00e9s.<br><br><\/p>\n<hr>\n<h4><b><br>9. Utilisateurs internationaux<\/b><\/h4>\n<p class=\"p2\">Si vous acc\u00e9dez \u00e0 MAGAbit depuis l'ext\u00e9rieur des \u00c9tats-Unis, vous acceptez que vos informations soient trait\u00e9es conform\u00e9ment \u00e0 la pr\u00e9sente politique et aux lois am\u00e9ricaines applicables en mati\u00e8re de protection des donn\u00e9es.<br><br><\/p>\n<hr>\n<h4><b><br>10. Mises \u00e0 jour de la pr\u00e9sente politique<\/b><\/h4>\n<p class=\"p2\">Nous pouvons mettre \u00e0 jour la pr\u00e9sente politique de confidentialit\u00e9 de temps \u00e0 autre. Toute modification sera publi\u00e9e sur cette page avec une \"date d'entr\u00e9e en vigueur\" r\u00e9vis\u00e9e. Si vous continuez \u00e0 utiliser la plateforme apr\u00e8s les modifications, vous acceptez la politique r\u00e9vis\u00e9e.<br><br><\/p>\n<hr>\n<h4><b><br>11. Nous contacter<\/b><\/h4>\n<p class=\"p2\">Si vous avez des questions concernant la pr\u00e9sente politique de confidentialit\u00e9, veuillez contacter sUPPORT@MAGAbit.US<br><br><\/p>\t\t\t\t\t\t\t\t<\/div>\n\t\t\t\t<\/div>\n\t\t\t\t\t<\/div>\n\t\t\t\t<\/div>\n\t\t\t\t<\/div>","protected":false},"excerpt":{"rendered":"<p>Date d'entr\u00e9e en vigueur : 2 avril 2024 Derni\u00e8re mise \u00e0 jour : 2 avril 2024 MAGAbit (\" nous \", \" notre \" ou \" nos \") respecte votre vie priv\u00e9e et s'engage \u00e0 prot\u00e9ger les informations personnelles que vous partagez avec nous. La pr\u00e9sente politique de confidentialit\u00e9 explique comment nous collectons, utilisons, stockons et prot\u00e9geons vos donn\u00e9es lorsque vous utilisez notre site web, notre plateforme et nos services. 1. Informations que nous recueillons Nous [...]<\/p>","protected":false},"author":1,"featured_media":0,"parent":0,"menu_order":0,"comment_status":"closed","ping_status":"open","template":"","meta":{"_acf_changed":false,"footnotes":""},"class_list":["post-3","page","type-page","status-publish","hentry"],"acf":[],"_links":{"self":[{"href":"https:\/\/magabit.net\/fr\/wp-json\/wp\/v2\/pages\/3","targetHints":{"allow":["GET"]}}],"collection":[{"href":"https:\/\/magabit.net\/fr\/wp-json\/wp\/v2\/pages"}],"about":[{"href":"https:\/\/magabit.net\/fr\/wp-json\/wp\/v2\/types\/page"}],"author":[{"embeddable":true,"href":"https:\/\/magabit.net\/fr\/wp-json\/wp\/v2\/users\/1"}],"replies":[{"embeddable":true,"href":"https:\/\/magabit.net\/fr\/wp-json\/wp\/v2\/comments?post=3"}],"version-history":[{"count":0,"href":"https:\/\/magabit.net\/fr\/wp-json\/wp\/v2\/pages\/3\/revisions"}],"wp:attachment":[{"href":"https:\/\/magabit.net\/fr\/wp-json\/wp\/v2\/media?parent=3"}],"curies":[{"name":"wp","href":"https:\/\/api.w.org\/{rel}","templated":true}]}}