


{"id":361,"date":"2025-04-08T01:34:33","date_gmt":"2025-04-08T01:34:33","guid":{"rendered":"https:\/\/magabit.net\/?page_id=361"},"modified":"2025-05-16T23:52:54","modified_gmt":"2025-05-16T23:52:54","slug":"terms-conditions","status":"publish","type":"page","link":"https:\/\/magabit.net\/fr\/terms-conditions\/","title":{"rendered":"Conditions g\u00e9n\u00e9rales d'utilisation"},"content":{"rendered":"<div data-elementor-type=\"wp-page\" data-elementor-id=\"361\" class=\"elementor elementor-361\" data-elementor-post-type=\"page\">\n\t\t\t\t<div class=\"elementor-element elementor-element-3aaf7a15 e-flex e-con-boxed e-con e-parent\" data-id=\"3aaf7a15\" data-element_type=\"container\">\n\t\t\t\t\t<div class=\"e-con-inner\">\n\t\t\t\t<div class=\"elementor-element elementor-element-134fa730 elementor-widget elementor-widget-text-editor\" data-id=\"134fa730\" data-element_type=\"widget\" data-widget_type=\"text-editor.default\">\n\t\t\t\t<div class=\"elementor-widget-container\">\n\t\t\t\t\t\t\t\t\t<p class=\"p1\"><b>Date d'entr\u00e9e en vigueur :<\/b><span class=\"s1\"> 2 avril 2025<\/span><\/p>\n<p class=\"p2\"><span class=\"s2\"><b>Derni\u00e8re mise \u00e0 jour :<\/b><\/span>&nbsp;16 mai 2025<\/p>\n<p>Bienvenue chez MAGAbit. Les pr\u00e9sentes conditions g\u00e9n\u00e9rales (\"conditions\") r\u00e9gissent votre acc\u00e8s et votre utilisation de la plateforme, des produits et des services de MAGAbit. En vous inscrivant \u00e0 MAGAbit, en achetant un abonnement ou en acc\u00e9dant \u00e0 notre site web, vous acceptez de vous conformer aux pr\u00e9sentes conditions et d'\u00eatre li\u00e9 par elles. Si vous n'\u00eates pas d'accord, n'utilisez pas la plateforme.<\/p>\n<hr>\n<h4><b><br>1. Vue d'ensemble de la plate-forme<\/b><\/h4>\n<p>MAGAbit est une plateforme de r\u00e9mun\u00e9ration en bitcoins bas\u00e9e sur la participation. Les membres (\"propri\u00e9taires ind\u00e9pendants de bitcoins\") peuvent gagner des commissions en BTC ou en fiat bas\u00e9es sur l'activit\u00e9 par le biais du mod\u00e8le de r\u00e9mun\u00e9ration de MAGAbit et peuvent acc\u00e9der \u00e0 des pools de bonus optionnels et non garantis. MAGAbit ne propose pas d'investissements, de titres, de conseils financiers ou de rendements garantis.<\/p>\n<hr>\n<h4><b><br>2. L'\u00e9ligibilit\u00e9<\/b><\/h4>\n<p><span style=\"font-weight: 400;\">Pour participer \u00e0 MAGAbit, vous devez \u00eatre \u00e2g\u00e9 d'au moins 18 ans et \u00eatre l\u00e9galement autoris\u00e9 \u00e0 conclure des contrats dans votre juridiction. MAGAbit se r\u00e9serve le droit d'approuver, de suspendre ou de r\u00e9silier tout compte \u00e0 sa seule discr\u00e9tion, y compris en cas de violation des pr\u00e9sentes conditions ou des lois applicables.<\/span><\/p>\n<hr>\n<h4><b><br>3. Produits et services<\/b><\/h4>\n<p><span style=\"font-weight: 400;\">La participation peut inclure les services d'acc\u00e8s suivants :<\/span><\/p>\n<ul>\n<li style=\"font-weight: 400;\" aria-level=\"1\"><span style=\"font-weight: 400;\">Frais d'inscription uniques : <\/span><b><b>$399 USD<\/b><\/b>\n<p><\/p>\n<\/li>\n<li style=\"font-weight: 400;\" aria-level=\"1\"><span style=\"font-weight: 400;\">Cotisation mensuelle r\u00e9currente : <\/span><b><b>$47 USD\/mois<\/b><\/b>\n<p><\/p>\n<\/li>\n<li style=\"font-weight: 400;\" aria-level=\"1\"><span style=\"font-weight: 400;\">Produit patriote optionnel : <\/span><b>$1 000 USD<\/b><span style=\"font-weight: 400;\"> (Attribution d'actions de participation dans le Patriot Loyalty Bonus Pool)<\/span><\/li>\n<\/ul>\n<p>Ces services permettent d'acc\u00e9der \u00e0 la plateforme et \u00e0 la structure de r\u00e9mun\u00e9ration de MAGAbit. Ils ne repr\u00e9sentent pas la vente de biens tangibles, de jetons ou d'investissements.<\/p>\n<hr>\n<h4><b><br>4. Paiements<\/b><\/h4>\n<p>Les distributions de Bitcoin (BTC) sont calcul\u00e9es en fonction de l'activit\u00e9 des utilisateurs et de la production mini\u00e8re disponible, conform\u00e9ment au mod\u00e8le de r\u00e9mun\u00e9ration de MAGAbit.<\/p>\n<p>Les commissions en fid\u00e9icommis (le cas \u00e9ch\u00e9ant) peuvent \u00eatre \u00e9mises par l'interm\u00e9diaire de canaux de paiement tiers agr\u00e9\u00e9s.<\/p>\n<p>Tous les paiements en BTC sont effectu\u00e9s \u00e0 l'adresse du portefeuille cryptographique que vous avez fournie. MAGAbit n'offre pas de services de portefeuilles et ne conserve pas les fonds des utilisateurs. Vous \u00eates seul responsable de la s\u00e9curit\u00e9 et de l'exactitude des informations de votre portefeuille.<\/p>\n<hr>\n<h4><b><br>5. Politique de remboursement<\/b><\/h4>\n<p>La politique de remboursement int\u00e9gral de MAGAbit est disponible \u00e0 l'adresse suivante (<a href=\"\/fr\/refund-billing-policy\/\">Politique de remboursement et de facturation<\/a>) et r\u00e9sum\u00e9e comme suit :<\/p>\n<ul>\n<li><span style=\"font-weight: 400;\">Les frais d'inscription et les achats de produits Patriot sont <\/span><b>non remboursable<\/b><span style=\"font-weight: 400;\"><span style=\"font-weight: 400;\"> une fois l'acc\u00e8s accord\u00e9.<\/span><\/span>\n<p><\/p>\n<\/li>\n<li><span style=\"font-weight: 400;\">Les cotisations mensuelles sont de <\/span><b>non remboursable<\/b><span style=\"font-weight: 400;\"><span style=\"font-weight: 400;\"> apr\u00e8s le d\u00e9but du cycle de facturation.<\/span><\/span>\n<p><\/p>\n<\/li>\n<li><span style=\"font-weight: 400;\">Les frais en double ou les probl\u00e8mes techniques v\u00e9rifi\u00e9s peuvent faire l'objet d'un remboursement dans les d\u00e9lais suivants <\/span><b>7 jours<\/b><span style=\"font-weight: 400;\"><span style=\"font-weight: 400;\"> de l'\u00e9v\u00e9nement.<\/span><\/span>\n<p><\/p>\n<\/li>\n<li style=\"font-weight: 400;\" aria-level=\"1\"><b>Refus de paiement<\/b><span style=\"font-weight: 400;\"> peut entra\u00eener la suspension imm\u00e9diate du compte et la perte des r\u00e9compenses ou des commissions acquises.<\/span><\/li>\n<li style=\"list-style-type: none;\">&nbsp;<\/li>\n<\/ul>\n<hr>\n<h4><b><br>6. Suspension et r\u00e9siliation du compte<\/b><\/h4>\n<p>MAGAbit peut suspendre ou r\u00e9silier votre compte, avec ou sans pr\u00e9avis, pour des raisons incluant, mais sans s'y limiter, les suivantes :<\/p>\n<ul>\n<li style=\"font-weight: 400;\" aria-level=\"1\"><span style=\"font-weight: 400;\"><span style=\"font-weight: 400;\">D\u00e9p\u00f4t d'une r\u00e9trofacturation<\/span><\/span>\n<p><\/p>\n<\/li>\n<li style=\"font-weight: 400;\" aria-level=\"1\"><span style=\"font-weight: 400;\"><span style=\"font-weight: 400;\">Fournir des informations fausses ou trompeuses<\/span><\/span>\n<p><\/p>\n<\/li>\n<li style=\"font-weight: 400;\" aria-level=\"1\"><span style=\"font-weight: 400;\"><span style=\"font-weight: 400;\">Se livrer \u00e0 des activit\u00e9s frauduleuses ou contraires \u00e0 l'\u00e9thique<\/span><\/span>\n<p><\/p>\n<\/li>\n<li style=\"font-weight: 400;\" aria-level=\"1\"><span style=\"font-weight: 400;\">Violation des conditions d'utilisation de MAGAbit, du plan de r\u00e9mun\u00e9ration ou des lois applicables<\/span><\/li>\n<\/ul>\n<p>Les comptes suspendus peuvent perdre les commissions ou r\u00e9compenses gagn\u00e9es, \u00e0 la seule discr\u00e9tion de MAGAbit.<\/p>\n<hr>\n<h4><b><br>7. Propri\u00e9t\u00e9 intellectuelle<\/b><\/h4>\n<p>L'ensemble des contenus, marques, noms commerciaux, logos, structures de r\u00e9mun\u00e9ration, mat\u00e9riels de site web et fonctionnalit\u00e9s de plateforme sont la propri\u00e9t\u00e9 exclusive de MAGAbit. Aucun contenu ne peut \u00eatre copi\u00e9, reproduit, distribu\u00e9 ou exploit\u00e9 sans autorisation \u00e9crite.<\/p>\n<hr>\n<h4><b><br>8. Pas de conseil financier<\/b><\/h4>\n<p>La plateforme MAGAbit est uniquement destin\u00e9e \u00e0 la participation et aux r\u00e9compenses. Rien sur le site ou dans le mat\u00e9riel de la plateforme ne constitue un conseil financier, d'investissement, fiscal ou juridique. Vous devez consulter un conseiller agr\u00e9\u00e9 pour tout besoin de conseil personnel.<\/p>\n<hr>\n<h4><b><br>9. Obligations fiscales<\/b><\/h4>\n<p>Vous \u00eates seul responsable de la d\u00e9termination et de l'accomplissement de toute obligation fiscale li\u00e9e \u00e0 votre participation \u00e0 MAGAbit ou \u00e0 vos gains, conform\u00e9ment aux lois et r\u00e9glementations locales.<\/p>\n<hr>\n<h4><b><br>10. Modifications<\/b><\/h4>\n<p>MAGAbit peut \u00e0 tout moment modifier les pr\u00e9sentes conditions, les caract\u00e9ristiques de la plate-forme, les prix ou les politiques. Toutes les mises \u00e0 jour seront publi\u00e9es sur le site web. En continuant \u00e0 participer apr\u00e8s les mises \u00e0 jour, vous acceptez les nouvelles conditions.<\/p>\n<hr>\n<h4><b><br>11. Nous contacter<\/b><\/h4>\n<p>Si vous avez des questions concernant les pr\u00e9sentes conditions ou votre compte, veuillez contacter SUPPORT@MAGAbit.US.<\/p>\n<p><!-- \/wp:paragraph --><\/p>\t\t\t\t\t\t\t\t<\/div>\n\t\t\t\t<\/div>\n\t\t\t\t\t<\/div>\n\t\t\t\t<\/div>\n\t\t\t\t<\/div>","protected":false},"excerpt":{"rendered":"<p>Date d'entr\u00e9e en vigueur : 2 avril 2025 Derni\u00e8re mise \u00e0 jour : 16 mai 2025 Bienvenue chez MAGAbit. Les pr\u00e9sentes conditions g\u00e9n\u00e9rales (\"conditions\") r\u00e9gissent votre acc\u00e8s et votre utilisation de la plateforme, des produits et des services de MAGAbit. En vous inscrivant \u00e0 MAGAbit, en achetant un abonnement ou en acc\u00e9dant \u00e0 notre site web, vous acceptez de vous conformer aux pr\u00e9sentes conditions et d'\u00eatre li\u00e9 par elles. Si vous [...]<\/p>","protected":false},"author":1,"featured_media":0,"parent":0,"menu_order":0,"comment_status":"closed","ping_status":"closed","template":"","meta":{"_acf_changed":false,"footnotes":""},"class_list":["post-361","page","type-page","status-publish","hentry"],"acf":[],"_links":{"self":[{"href":"https:\/\/magabit.net\/fr\/wp-json\/wp\/v2\/pages\/361","targetHints":{"allow":["GET"]}}],"collection":[{"href":"https:\/\/magabit.net\/fr\/wp-json\/wp\/v2\/pages"}],"about":[{"href":"https:\/\/magabit.net\/fr\/wp-json\/wp\/v2\/types\/page"}],"author":[{"embeddable":true,"href":"https:\/\/magabit.net\/fr\/wp-json\/wp\/v2\/users\/1"}],"replies":[{"embeddable":true,"href":"https:\/\/magabit.net\/fr\/wp-json\/wp\/v2\/comments?post=361"}],"version-history":[{"count":0,"href":"https:\/\/magabit.net\/fr\/wp-json\/wp\/v2\/pages\/361\/revisions"}],"wp:attachment":[{"href":"https:\/\/magabit.net\/fr\/wp-json\/wp\/v2\/media?parent=361"}],"curies":[{"name":"wp","href":"https:\/\/api.w.org\/{rel}","templated":true}]}}