


{"id":387,"date":"2025-04-08T02:38:15","date_gmt":"2025-04-08T02:38:15","guid":{"rendered":"https:\/\/magabit.net\/?page_id=387"},"modified":"2025-09-02T12:55:00","modified_gmt":"2025-09-02T16:55:00","slug":"cancel-membership","status":"publish","type":"page","link":"https:\/\/magabit.net\/fr\/cancel-membership\/","title":{"rendered":"Annuler l'adh\u00e9sion"},"content":{"rendered":"<div data-elementor-type=\"wp-page\" data-elementor-id=\"387\" class=\"elementor elementor-387\" data-elementor-post-type=\"page\">\n\t\t\t\t<div class=\"elementor-element elementor-element-3aaf7a15 e-flex e-con-boxed e-con e-parent\" data-id=\"3aaf7a15\" data-element_type=\"container\">\n\t\t\t\t\t<div class=\"e-con-inner\">\n\t\t\t\t<div class=\"elementor-element elementor-element-134fa730 elementor-widget elementor-widget-text-editor\" data-id=\"134fa730\" data-element_type=\"widget\" data-widget_type=\"text-editor.default\">\n\t\t\t\t<div class=\"elementor-widget-container\">\n\t\t\t\t\t\t\t\t\t<p class=\"p1\"><b>Vous pouvez r\u00e9silier votre adh\u00e9sion \u00e0 MAGAbit \u00e0 tout moment - pas de contrat, pas de p\u00e9nalit\u00e9s.<\/b><\/p><p class=\"p1\">Lorsque vous r\u00e9siliez, votre facturation mensuelle s'arr\u00eate imm\u00e9diatement et vous conservez l'acc\u00e8s \u00e0 votre compte et \u00e0 votre tableau de bord jusqu'\u00e0 la fin du cycle de facturation en cours.\u00a0<\/p><p class=\"p1\"><b>Apr\u00e8s cela, votre compte passera au statut inactif,<\/b> <u>et vous ne pourrez plus gagner ou recevoir de r\u00e9compenses ou de commissions en bitcoins.<\/u><\/p><p class=\"p1\"><b style=\"text-align: var(--text-align); background-color: var( --e-global-color-primary ); color: var( --e-global-color-text ); font-family: var( --e-global-typography-text-font-family ), Sans-serif; font-size: var( --e-global-typography-text-font-size ); text-transform: var( --e-global-typography-text-text-transform );\">A noter :<\/b><\/p><ul><li class=\"p1\"><span style=\"background-color: transparent; text-align: var(--text-align); color: var( --e-global-color-text ); font-family: var( --e-global-typography-text-font-family ), Sans-serif; font-weight: var( --e-global-typography-text-font-weight ); text-transform: var( --e-global-typography-text-text-transform );\"><span style=\"background-color: transparent; text-align: var(--text-align); color: var( --e-global-color-text ); font-family: var( --e-global-typography-text-font-family ), Sans-serif; font-weight: var( --e-global-typography-text-font-weight ); text-transform: var( --e-global-typography-text-text-transform );\">Les frais d'inscription au $399 ne sont pas remboursables.<\/span><\/span><\/li><li class=\"p1\">Les cotisations mensuelles ne sont pas remboursables apr\u00e8s le d\u00e9but du cycle de facturation.<\/li><li class=\"p1\">L'annulation de l'adh\u00e9sion <span class=\"s1\" style=\"font-family: -apple-system, BlinkMacSystemFont, 'Segoe UI', Roboto, 'Helvetica Neue', Arial, 'Noto Sans', sans-serif, 'Apple Color Emoji', 'Segoe UI Emoji', 'Segoe UI Symbol', 'Noto Color Emoji';\"><b>pas<\/b><\/span><span style=\"font-family: -apple-system, BlinkMacSystemFont, 'Segoe UI', Roboto, 'Helvetica Neue', Arial, 'Noto Sans', sans-serif, 'Apple Color Emoji', 'Segoe UI Emoji', 'Segoe UI Symbol', 'Noto Color Emoji';\"><span style=\"font-family: -apple-system, BlinkMacSystemFont, 'Segoe UI', Roboto, 'Helvetica Neue', Arial, 'Noto Sans', sans-serif, 'Apple Color Emoji', 'Segoe UI Emoji', 'Segoe UI Symbol', 'Noto Color Emoji';\"> affecte les bitcoins que vous avez d\u00e9j\u00e0 re\u00e7us ou votre portefeuille connect\u00e9.<\/span><\/span><\/li><\/ul><p><\/p>\t\t\t\t\t\t\t\t<\/div>\n\t\t\t\t<\/div>\n\t\t<div class=\"elementor-element elementor-element-5f79a32 e-con-full e-flex e-con e-child\" data-id=\"5f79a32\" data-element_type=\"container\" data-settings=\"{&quot;background_background&quot;:&quot;classic&quot;}\">\n\t\t<div class=\"elementor-element elementor-element-e183ed2 e-con-full e-flex e-con e-child\" data-id=\"e183ed2\" data-element_type=\"container\">\n\t\t\t\t<div class=\"elementor-element elementor-element-c16da8b elementor-widget elementor-widget-heading\" data-id=\"c16da8b\" data-element_type=\"widget\" data-widget_type=\"heading.default\">\n\t\t\t\t<div class=\"elementor-widget-container\">\n\t\t\t\t\t<h2 class=\"elementor-heading-title elementor-size-default\">\u00c9tape 1 : Allez dans \"Mon compte - Abonnements\"<\/h2>\t\t\t\t<\/div>\n\t\t\t\t<\/div>\n\t\t\t\t<div class=\"elementor-element elementor-element-2575539 elementor-widget elementor-widget-text-editor\" data-id=\"2575539\" data-element_type=\"widget\" data-widget_type=\"text-editor.default\">\n\t\t\t\t<div class=\"elementor-widget-container\">\n\t\t\t\t\t\t\t\t\t<p>Si vous \u00eates membre actif de MAGAbit. Vous avez d\u00e9j\u00e0 un compte client chez nous. Il vous suffit de vous rendre sur <a href=\"https:\/\/MAGAbit.net\/my-account\/\" target=\"_blank\" rel=\"noopener\">https:\/\/MAGAbit.net\/my-account\/<\/a> et allez dans l'onglet \"Abonnements\" une fois que vous \u00eates connect\u00e9.<\/p>\t\t\t\t\t\t\t\t<\/div>\n\t\t\t\t<\/div>\n\t\t\t\t<div class=\"elementor-element elementor-element-9f42d90 elementor-widget elementor-widget-image\" data-id=\"9f42d90\" data-element_type=\"widget\" data-widget_type=\"image.default\">\n\t\t\t\t<div class=\"elementor-widget-container\">\n\t\t\t\t\t\t\t\t\t\t\t\t\t\t\t<img fetchpriority=\"high\" decoding=\"async\" width=\"800\" height=\"231\" src=\"https:\/\/magabit.net\/wp-content\/uploads\/2025\/04\/my-account-subscriptions-1024x296.png\" class=\"attachment-large size-large wp-image-391\" alt=\"\" srcset=\"https:\/\/magabit.net\/wp-content\/uploads\/2025\/04\/my-account-subscriptions-1024x296.png 1024w, https:\/\/magabit.net\/wp-content\/uploads\/2025\/04\/my-account-subscriptions-300x87.png 300w, https:\/\/magabit.net\/wp-content\/uploads\/2025\/04\/my-account-subscriptions-768x222.png 768w, https:\/\/magabit.net\/wp-content\/uploads\/2025\/04\/my-account-subscriptions-1536x443.png 1536w, https:\/\/magabit.net\/wp-content\/uploads\/2025\/04\/my-account-subscriptions-2048x591.png 2048w, https:\/\/magabit.net\/wp-content\/uploads\/2025\/04\/my-account-subscriptions-18x5.png 18w, https:\/\/magabit.net\/wp-content\/uploads\/2025\/04\/my-account-subscriptions-1320x381.png 1320w, https:\/\/magabit.net\/wp-content\/uploads\/2025\/04\/my-account-subscriptions-600x173.png 600w\" sizes=\"(max-width: 800px) 100vw, 800px\" \/>\t\t\t\t\t\t\t\t\t\t\t\t\t\t\t<\/div>\n\t\t\t\t<\/div>\n\t\t\t\t<\/div>\n\t\t<div class=\"elementor-element elementor-element-e32c1eb e-con-full e-flex e-con e-child\" data-id=\"e32c1eb\" data-element_type=\"container\">\n\t\t\t\t<div class=\"elementor-element elementor-element-06e8f80 elementor-widget elementor-widget-heading\" data-id=\"06e8f80\" data-element_type=\"widget\" data-widget_type=\"heading.default\">\n\t\t\t\t<div class=\"elementor-widget-container\">\n\t\t\t\t\t<h2 class=\"elementor-heading-title elementor-size-default\">\u00c9tape 2 : Cliquez sur le bouton \"Annuler<\/h2>\t\t\t\t<\/div>\n\t\t\t\t<\/div>\n\t\t\t\t<div class=\"elementor-element elementor-element-73f05b7 elementor-widget elementor-widget-text-editor\" data-id=\"73f05b7\" data-element_type=\"widget\" data-widget_type=\"text-editor.default\">\n\t\t\t\t<div class=\"elementor-widget-container\">\n\t\t\t\t\t\t\t\t\t<p>Une fois que vous \u00eates arriv\u00e9 \u00e0 <a href=\"https:\/\/magabit.net\/fr\/my-account\/subscriptions\/\" target=\"_blank\" rel=\"noopener\">https:\/\/magabit.net\/my-account\/subscriptions\/<\/a> vous verrez tous vos abonnements actifs. Il vous suffit de cliquer sur le bouton \"Voir\" \u00e0 droite de l'abonnement pour acc\u00e9der \u00e0 la page d'information sur l'abonnement.\u00a0<\/p><p>Une fois que vous \u00eates sur la page de l'abonnement individuel, vous verrez un bouton qui dit \"Annuler\". Vous pouvez simplement cliquer sur ce bouton si vous souhaitez annuler votre abonnement \u00e0 tout moment.<\/p><p><span style=\"font-weight: bold;\">Apr\u00e8s l'annulation, votre compte passera en statut inactif,<\/span>\u00a0<u>et vous ne pourrez plus gagner ou recevoir de r\u00e9compenses ou de commissions en bitcoins<\/u>.\u00a0<span style=\"background-color: transparent; text-align: var(--text-align); color: var( --e-global-color-text ); font-family: var( --e-global-typography-text-font-family ), Sans-serif; font-weight: var( --e-global-typography-text-font-weight ); text-transform: var( --e-global-typography-text-text-transform );\">L'annulation de l'adh\u00e9sion\u00a0<\/span><span style=\"background-color: transparent; text-align: var(--text-align); color: var( --e-global-color-text ); font-weight: var( --e-global-typography-text-font-weight ); text-transform: var( --e-global-typography-text-text-transform ); font-family: -apple-system, BlinkMacSystemFont, 'Segoe UI', Roboto, 'Helvetica Neue', Arial, 'Noto Sans', sans-serif, 'Apple Color Emoji', 'Segoe UI Emoji', 'Segoe UI Symbol', 'Noto Color Emoji';\"><span style=\"font-weight: bold;\">pas<\/span><\/span><span style=\"background-color: transparent; text-align: var(--text-align); color: var( --e-global-color-text ); font-weight: var( --e-global-typography-text-font-weight ); text-transform: var( --e-global-typography-text-text-transform ); font-family: -apple-system, BlinkMacSystemFont, 'Segoe UI', Roboto, 'Helvetica Neue', Arial, 'Noto Sans', sans-serif, 'Apple Color Emoji', 'Segoe UI Emoji', 'Segoe UI Symbol', 'Noto Color Emoji';\">\u00a0affecte les bitcoins que vous avez d\u00e9j\u00e0 re\u00e7us ou votre portefeuille connect\u00e9.<\/span><u><\/u><\/p>\t\t\t\t\t\t\t\t<\/div>\n\t\t\t\t<\/div>\n\t\t\t\t<div class=\"elementor-element elementor-element-cfb5ae5 elementor-widget elementor-widget-image\" data-id=\"cfb5ae5\" data-element_type=\"widget\" data-widget_type=\"image.default\">\n\t\t\t\t<div class=\"elementor-widget-container\">\n\t\t\t\t\t\t\t\t\t\t\t\t\t\t\t<img decoding=\"async\" width=\"800\" height=\"257\" src=\"https:\/\/magabit.net\/wp-content\/uploads\/2025\/04\/cancel-membership-1024x329.png\" class=\"attachment-large size-large wp-image-390\" alt=\"\" srcset=\"https:\/\/magabit.net\/wp-content\/uploads\/2025\/04\/cancel-membership-1024x329.png 1024w, https:\/\/magabit.net\/wp-content\/uploads\/2025\/04\/cancel-membership-300x96.png 300w, https:\/\/magabit.net\/wp-content\/uploads\/2025\/04\/cancel-membership-768x247.png 768w, https:\/\/magabit.net\/wp-content\/uploads\/2025\/04\/cancel-membership-1536x493.png 1536w, https:\/\/magabit.net\/wp-content\/uploads\/2025\/04\/cancel-membership-2048x658.png 2048w, https:\/\/magabit.net\/wp-content\/uploads\/2025\/04\/cancel-membership-18x6.png 18w, https:\/\/magabit.net\/wp-content\/uploads\/2025\/04\/cancel-membership-1320x424.png 1320w, https:\/\/magabit.net\/wp-content\/uploads\/2025\/04\/cancel-membership-600x193.png 600w\" sizes=\"(max-width: 800px) 100vw, 800px\" \/>\t\t\t\t\t\t\t\t\t\t\t\t\t\t\t<\/div>\n\t\t\t\t<\/div>\n\t\t\t\t<\/div>\n\t\t<div class=\"elementor-element elementor-element-57430da e-con-full e-flex e-con e-child\" data-id=\"57430da\" data-element_type=\"container\">\n\t\t\t\t<div class=\"elementor-element elementor-element-9709cdc elementor-widget elementor-widget-heading\" data-id=\"9709cdc\" data-element_type=\"widget\" data-widget_type=\"heading.default\">\n\t\t\t\t<div class=\"elementor-widget-container\">\n\t\t\t\t\t<h2 class=\"elementor-heading-title elementor-size-default\">\u00c9tape 3 : Annulation de l'adh\u00e9sion<\/h2>\t\t\t\t<\/div>\n\t\t\t\t<\/div>\n\t\t\t\t<div class=\"elementor-element elementor-element-870fbb0 elementor-widget elementor-widget-text-editor\" data-id=\"870fbb0\" data-element_type=\"widget\" data-widget_type=\"text-editor.default\">\n\t\t\t\t<div class=\"elementor-widget-container\">\n\t\t\t\t\t\t\t\t\t<p>Une fois que vous avez cliqu\u00e9 sur le bouton \"Annuler\" sur la page de l'abonnement individuel, un message de confirmation \"Votre abonnement a \u00e9t\u00e9 annul\u00e9\" s'affiche. Un message de confirmation \"Votre abonnement a \u00e9t\u00e9 annul\u00e9\" s'affiche.<\/p><p>Votre facturation mensuelle s'arr\u00eatera imm\u00e9diatement et vous conserverez l'acc\u00e8s \u00e0 votre compte et \u00e0 votre tableau de bord jusqu'\u00e0 la fin de votre cycle de facturation actuel.\u00a0<\/p><p>Si vous changez d'avis, vous pouvez \u00e9galement r\u00e9activer votre abonnement \u00e0 tout moment sur la page de l'abonnement individuel.\u00a0<\/p>\t\t\t\t\t\t\t\t<\/div>\n\t\t\t\t<\/div>\n\t\t\t\t<div class=\"elementor-element elementor-element-432ae10 elementor-widget elementor-widget-image\" data-id=\"432ae10\" data-element_type=\"widget\" data-widget_type=\"image.default\">\n\t\t\t\t<div class=\"elementor-widget-container\">\n\t\t\t\t\t\t\t\t\t\t\t\t\t\t\t<img decoding=\"async\" width=\"800\" height=\"301\" src=\"https:\/\/magabit.net\/wp-content\/uploads\/2025\/04\/cancel-confirmation-1024x385.png\" class=\"attachment-large size-large wp-image-389\" alt=\"\" srcset=\"https:\/\/magabit.net\/wp-content\/uploads\/2025\/04\/cancel-confirmation-1024x385.png 1024w, https:\/\/magabit.net\/wp-content\/uploads\/2025\/04\/cancel-confirmation-300x113.png 300w, https:\/\/magabit.net\/wp-content\/uploads\/2025\/04\/cancel-confirmation-768x289.png 768w, https:\/\/magabit.net\/wp-content\/uploads\/2025\/04\/cancel-confirmation-1536x578.png 1536w, https:\/\/magabit.net\/wp-content\/uploads\/2025\/04\/cancel-confirmation-2048x770.png 2048w, https:\/\/magabit.net\/wp-content\/uploads\/2025\/04\/cancel-confirmation-18x7.png 18w, https:\/\/magabit.net\/wp-content\/uploads\/2025\/04\/cancel-confirmation-1320x496.png 1320w, https:\/\/magabit.net\/wp-content\/uploads\/2025\/04\/cancel-confirmation-600x226.png 600w\" sizes=\"(max-width: 800px) 100vw, 800px\" \/>\t\t\t\t\t\t\t\t\t\t\t\t\t\t\t<\/div>\n\t\t\t\t<\/div>\n\t\t\t\t<\/div>\n\t\t\t\t<\/div>\n\t\t\t\t<div class=\"elementor-element elementor-element-f587706 elementor-widget elementor-widget-text-editor\" data-id=\"f587706\" data-element_type=\"widget\" data-widget_type=\"text-editor.default\">\n\t\t\t\t<div class=\"elementor-widget-container\">\n\t\t\t\t\t\t\t\t\t<p class=\"p3\"><span style=\"text-align: var(--text-align); background-color: var( --e-global-color-primary ); color: var( --e-global-color-text ); font-family: var( --e-global-typography-text-font-family ), Sans-serif; font-size: var( --e-global-typography-text-font-size ); font-weight: var( --e-global-typography-text-font-weight ); text-transform: var( --e-global-typography-text-text-transform );\">Vous avez des questions ou besoin d'aide ? Contactez-nous \u00e0 l'adresse Support@MAGABit.US<\/span><\/p>\t\t\t\t\t\t\t\t<\/div>\n\t\t\t\t<\/div>\n\t\t\t\t\t<\/div>\n\t\t\t\t<\/div>\n\t\t\t\t<\/div>","protected":false},"excerpt":{"rendered":"<p>Vous pouvez r\u00e9silier votre adh\u00e9sion \u00e0 MAGAbit \u00e0 tout moment - pas de contrat, pas de p\u00e9nalit\u00e9s. Lorsque vous r\u00e9siliez votre abonnement, votre facturation mensuelle s'arr\u00eate imm\u00e9diatement et vous conservez l'acc\u00e8s \u00e0 votre compte et \u00e0 votre tableau de bord jusqu'\u00e0 la fin du cycle de facturation en cours.  Apr\u00e8s cela, votre compte passera en statut inactif et vous ne serez plus \u00e9ligible [...]<\/p>","protected":false},"author":1,"featured_media":0,"parent":0,"menu_order":0,"comment_status":"closed","ping_status":"closed","template":"","meta":{"_acf_changed":false,"footnotes":""},"class_list":["post-387","page","type-page","status-publish","hentry"],"acf":[],"_links":{"self":[{"href":"https:\/\/magabit.net\/fr\/wp-json\/wp\/v2\/pages\/387","targetHints":{"allow":["GET"]}}],"collection":[{"href":"https:\/\/magabit.net\/fr\/wp-json\/wp\/v2\/pages"}],"about":[{"href":"https:\/\/magabit.net\/fr\/wp-json\/wp\/v2\/types\/page"}],"author":[{"embeddable":true,"href":"https:\/\/magabit.net\/fr\/wp-json\/wp\/v2\/users\/1"}],"replies":[{"embeddable":true,"href":"https:\/\/magabit.net\/fr\/wp-json\/wp\/v2\/comments?post=387"}],"version-history":[{"count":3,"href":"https:\/\/magabit.net\/fr\/wp-json\/wp\/v2\/pages\/387\/revisions"}],"predecessor-version":[{"id":4172,"href":"https:\/\/magabit.net\/fr\/wp-json\/wp\/v2\/pages\/387\/revisions\/4172"}],"wp:attachment":[{"href":"https:\/\/magabit.net\/fr\/wp-json\/wp\/v2\/media?parent=387"}],"curies":[{"name":"wp","href":"https:\/\/api.w.org\/{rel}","templated":true}]}}