


{"id":1652,"date":"2025-05-31T19:59:16","date_gmt":"2025-05-31T19:59:16","guid":{"rendered":"https:\/\/magabit.net\/?post_type=product&#038;p=1652"},"modified":"2026-03-01T10:40:44","modified_gmt":"2026-03-01T15:40:44","slug":"magabit-membership-plan","status":"publish","type":"product","link":"https:\/\/magabit.net\/fr\/produit\/magabit-membership-plan\/","title":{"rendered":"Adh\u00e9sion \u00e0 MAGAbit"},"content":{"rendered":"","protected":false},"excerpt":{"rendered":"<p>Devenir membre de MAGAbit signifie entrer dans le r\u00f4le de propri\u00e9taire ind\u00e9pendant de bitcoins, avec un acc\u00e8s r\u00e9el \u00e0 l'exploitation mini\u00e8re de bitcoins aux \u00c9tats-Unis, des r\u00e9compenses directes en BTC et une plateforme con\u00e7ue pour remettre la propri\u00e9t\u00e9 et les opportunit\u00e9s entre vos mains.<\/p>\n<p>Votre adh\u00e9sion comprend un acc\u00e8s complet \u00e0 notre syst\u00e8me de r\u00e9compenses mini\u00e8res, l'\u00e9ligibilit\u00e9 \u00e0 des paiements en bitcoins quotidiens et bas\u00e9s sur la performance, et les outils pour construire et d\u00e9velopper votre propre potentiel de gain en BTC.<\/p>\n<p>Avec une activation unique et des frais de maintenance mensuels fixes, vous ne faites pas que participer, vous poss\u00e9dez votre part de l'avenir de Bitcoin.<\/p>","protected":false},"featured_media":1174,"comment_status":"closed","ping_status":"closed","template":"","meta":{"_acf_changed":false},"product_brand":[],"product_cat":[23],"product_tag":[],"class_list":{"0":"post-1652","1":"product","2":"type-product","3":"status-publish","4":"has-post-thumbnail","6":"product_cat-membership","8":"first","9":"instock","10":"sold-individually","11":"shipping-taxable","12":"purchasable","13":"product-type-variable-subscription","14":"has-default-attributes"},"acf":[],"_links":{"self":[{"href":"https:\/\/magabit.net\/fr\/wp-json\/wp\/v2\/product\/1652","targetHints":{"allow":["GET"]}}],"collection":[{"href":"https:\/\/magabit.net\/fr\/wp-json\/wp\/v2\/product"}],"about":[{"href":"https:\/\/magabit.net\/fr\/wp-json\/wp\/v2\/types\/product"}],"replies":[{"embeddable":true,"href":"https:\/\/magabit.net\/fr\/wp-json\/wp\/v2\/comments?post=1652"}],"wp:featuredmedia":[{"embeddable":true,"href":"https:\/\/magabit.net\/fr\/wp-json\/wp\/v2\/media\/1174"}],"wp:attachment":[{"href":"https:\/\/magabit.net\/fr\/wp-json\/wp\/v2\/media?parent=1652"}],"wp:term":[{"taxonomy":"product_brand","embeddable":true,"href":"https:\/\/magabit.net\/fr\/wp-json\/wp\/v2\/product_brand?post=1652"},{"taxonomy":"product_cat","embeddable":true,"href":"https:\/\/magabit.net\/fr\/wp-json\/wp\/v2\/product_cat?post=1652"},{"taxonomy":"product_tag","embeddable":true,"href":"https:\/\/magabit.net\/fr\/wp-json\/wp\/v2\/product_tag?post=1652"}],"curies":[{"name":"wp","href":"https:\/\/api.w.org\/{rel}","templated":true}]}}